{"id":537,"date":"2018-03-03T09:30:44","date_gmt":"2018-03-03T09:30:44","guid":{"rendered":"https:\/\/alkyonvillas-folegandros.gr\/?page_id=537"},"modified":"2022-11-03T11:31:28","modified_gmt":"2022-11-03T11:31:28","slug":"the-location","status":"publish","type":"page","link":"https:\/\/alkyonvillas-folegandros.gr\/de\/the-location\/","title":{"rendered":"Der Ort"},"content":{"rendered":"<p>Das Grundst\u00fcck befindet sich an einer vorteilhaften Stelle auf dem H\u00fcgel gegen\u00fcber der Hauptstadt Chora, in der Region \u201eThymonies\u201c. Sein Kauf fand nach gr\u00fcndlichen Nachforschungen auf der Insel statt. Seine Hauptvorteile sind:<\/p>\n<p><a href=\"https:\/\/www.alkyonvillas-folegandros.gr\/images\/location1la.jpg\" rel=\"lytebox\"><img loading=\"lazy\" decoding=\"async\" class=\"size-medium wp-image-543 alignleft\" src=\"https:\/\/alkyonvillas-folegandros.gr\/wp-content\/uploads\/2018\/03\/location1-300x200.jpeg\" alt=\"\" width=\"300\" height=\"200\" srcset=\"https:\/\/alkyonvillas-folegandros.gr\/wp-content\/uploads\/2018\/03\/location1-300x200.jpeg 300w, https:\/\/alkyonvillas-folegandros.gr\/wp-content\/uploads\/2018\/03\/location1-768x512.jpeg 768w, https:\/\/alkyonvillas-folegandros.gr\/wp-content\/uploads\/2018\/03\/location1.jpeg 900w\" sizes=\"auto, (max-width: 300px) 100vw, 300px\" \/><\/a><\/p>\n<ul>\n<li><strong>Die N\u00e4he zur Hauptstadt.<\/strong> Es befindet sich nur zehn Minuten zu Fu\u00df vom Stadtzentrum entfernt.<\/li>\n<li><strong>Leichter Zugang.<\/strong> Es ist per Auto leicht zug\u00e4nglich, befindet sich ganz in der N\u00e4he der Hauptstra\u00dfe der Insel, der Bushaltestelle und der verschiedenen Pfade.<\/li>\n<\/ul>\n<p>&nbsp;<\/p>\n<p>&nbsp;<\/p>\n<p>&nbsp;<\/p>\n<p>&nbsp;<\/p>\n<p>&nbsp;<\/p>\n<p><a href=\"https:\/\/www.alkyonvillas-folegandros.gr\/images\/location3la.jpg\" rel=\"lytebox\"><img loading=\"lazy\" decoding=\"async\" class=\"size-medium wp-image-544 alignleft\" src=\"https:\/\/alkyonvillas-folegandros.gr\/wp-content\/uploads\/2018\/03\/location2-300x200.jpeg\" alt=\"\" width=\"300\" height=\"200\" srcset=\"https:\/\/alkyonvillas-folegandros.gr\/wp-content\/uploads\/2018\/03\/location2-300x200.jpeg 300w, https:\/\/alkyonvillas-folegandros.gr\/wp-content\/uploads\/2018\/03\/location2-768x512.jpeg 768w, https:\/\/alkyonvillas-folegandros.gr\/wp-content\/uploads\/2018\/03\/location2.jpeg 900w\" sizes=\"auto, (max-width: 300px) 100vw, 300px\" \/><\/a><\/p>\n<ul>\n<li><strong>Der Ausblick.<\/strong> Das Grundst\u00fcck bietet einen endlosen Blick auf die malerische Chora, die wundersch\u00f6ne Kirche von Panagia und auf die \u00c4g\u00e4is, wobei auch die Inseln Paros, Antiparos, Naxos und Sikinos zu sehen sind.<\/li>\n<li><strong>Das Relief.<\/strong> Die Neigung des Grundst\u00fccks erlaubte uns die Villen auf verschiedenen Niveaus zu errichten und somit deren Autonomie zu gew\u00e4hrleisten.<\/li>\n<\/ul>\n<p>&nbsp;<\/p>\n<p>&nbsp;<\/p>\n<p>&nbsp;<\/p>\n<p>&nbsp;<\/p>\n<p><a href=\"https:\/\/alkyonvillas-folegandros.gr\/photo-gallery\/?album=547\">&#8230;mehr Photos<\/a><\/p>","protected":false},"excerpt":{"rendered":"<p>Das Grundst\u00fcck befindet sich an einer vorteilhaften Stelle auf dem H\u00fcgel gegen\u00fcber der Hauptstadt Chora, in der Region \u201eThymonies\u201c. Sein Kauf fand nach gr\u00fcndlichen Nachforschungen auf der Insel statt. Seine<\/p>\n","protected":false},"author":1,"featured_media":0,"parent":0,"menu_order":0,"comment_status":"closed","ping_status":"closed","template":"","meta":{"footnotes":""},"class_list":["post-537","page","type-page","status-publish","hentry"],"_links":{"self":[{"href":"https:\/\/alkyonvillas-folegandros.gr\/de\/wp-json\/wp\/v2\/pages\/537","targetHints":{"allow":["GET"]}}],"collection":[{"href":"https:\/\/alkyonvillas-folegandros.gr\/de\/wp-json\/wp\/v2\/pages"}],"about":[{"href":"https:\/\/alkyonvillas-folegandros.gr\/de\/wp-json\/wp\/v2\/types\/page"}],"author":[{"embeddable":true,"href":"https:\/\/alkyonvillas-folegandros.gr\/de\/wp-json\/wp\/v2\/users\/1"}],"replies":[{"embeddable":true,"href":"https:\/\/alkyonvillas-folegandros.gr\/de\/wp-json\/wp\/v2\/comments?post=537"}],"version-history":[{"count":20,"href":"https:\/\/alkyonvillas-folegandros.gr\/de\/wp-json\/wp\/v2\/pages\/537\/revisions"}],"predecessor-version":[{"id":566,"href":"https:\/\/alkyonvillas-folegandros.gr\/de\/wp-json\/wp\/v2\/pages\/537\/revisions\/566"}],"wp:attachment":[{"href":"https:\/\/alkyonvillas-folegandros.gr\/de\/wp-json\/wp\/v2\/media?parent=537"}],"curies":[{"name":"wp","href":"https:\/\/api.w.org\/{rel}","templated":true}]}}