{"id":631,"date":"2018-03-06T08:09:00","date_gmt":"2018-03-06T08:09:00","guid":{"rendered":"https:\/\/alkyonvillas-folegandros.gr\/?page_id=631"},"modified":"2019-07-16T16:54:22","modified_gmt":"2019-07-16T16:54:22","slug":"the-company","status":"publish","type":"page","link":"https:\/\/alkyonvillas-folegandros.gr\/de\/the-company\/","title":{"rendered":"Die Gesellschaft"},"content":{"rendered":"<p>Die Villen \u201eAlkyonVillas\u201c sind das Ergebnis der Zusammenarbeit einer Gruppe von Ingenieuren (Ilias Stavridis &#8211; Zivilingenieur, Nikos Oikonomou &#8211; Architekt-Ingenieur, Lydia Lake Stavridou &#8211; Architektin-Ingenieurin, Klara Stavridou &#8211; Zivilingenieurin, Dimitris Angelou &#8211; Zivilingenieur und Christos Panagis &#8211; Zivilingenieur) aus Athen und Thessaloniki unter der Leitung des Bauingenieurs Ilias Stavridis.<\/p>\n<p>Herr Stavridis ist seit mehreren Jahren Gesch\u00e4ftsleiter des famili\u00e4ren Bauunternehmens und \u00fcbernimmt Projekte auf ganz Griechenland.<\/p>\n<p>von der architektonischen Planung und \u00dcberwachung bis hin zum Verkauf der Wohnbauten.<\/p>\n<p>Die Erfahrung, die wir uns in all den Jahren angeeignet haben, erlaubt uns die erfolgreiche Bew\u00e4ltigung aller bedeutenden Angelegenheiten, aber auch der kleinen Details einer Konstruktion.<\/p>\n<p>Unser Wunsch ist gewesen, dieses Wissen auch im Bereich des Baus von Ferienh\u00e4usern anzuwenden. Wir haben Folegandros nach Durchf\u00fchrung von Nachforschungen ausgew\u00e4hlt, weil wir auf der Insel die ideale Umgebung zur Umsetzung unseres Traums gefunden haben: die Kombination der bioklimatischen Architektur mit den traditionellen Baumethoden zur Errichtung von modernen Ferienh\u00e4usern.<\/p>\n<p><strong>Besuchen Sie uns!<\/strong><\/p>\n<p>Adresse der Baustelle:<br \/>\nThymonies, Folegandros Chora, 84011, Kykladen<\/p>\n<p>B\u00fcroadresse:<br \/>\nIrodotou Str. 1, 55133, Thessaloniki<br \/>\nSporadon Str. 2, 15231, Athen<\/p>\n<p>Email:<br \/>\ninfo@alkyonvillas-folegandros.gr<br \/>\nhsstavridis@gmail.com<\/p>\n<p>Tel.:<br \/>\n+ (30) 6936678598, +(30)2310436122 , + (30) 2106713756<\/p>\n<p>Fax:<br \/>\n+(30)2310445033, + (30) 2106713756<\/p>","protected":false},"excerpt":{"rendered":"<p>Die Villen \u201eAlkyonVillas\u201c sind das Ergebnis der Zusammenarbeit einer Gruppe von Ingenieuren (Ilias Stavridis &#8211; Zivilingenieur, Nikos Oikonomou &#8211; Architekt-Ingenieur, Lydia Lake Stavridou &#8211; Architektin-Ingenieurin, Klara Stavridou &#8211; Zivilingenieurin, Dimitris<\/p>\n","protected":false},"author":1,"featured_media":0,"parent":0,"menu_order":0,"comment_status":"closed","ping_status":"closed","template":"","meta":{"footnotes":""},"class_list":["post-631","page","type-page","status-publish","hentry"],"_links":{"self":[{"href":"https:\/\/alkyonvillas-folegandros.gr\/de\/wp-json\/wp\/v2\/pages\/631","targetHints":{"allow":["GET"]}}],"collection":[{"href":"https:\/\/alkyonvillas-folegandros.gr\/de\/wp-json\/wp\/v2\/pages"}],"about":[{"href":"https:\/\/alkyonvillas-folegandros.gr\/de\/wp-json\/wp\/v2\/types\/page"}],"author":[{"embeddable":true,"href":"https:\/\/alkyonvillas-folegandros.gr\/de\/wp-json\/wp\/v2\/users\/1"}],"replies":[{"embeddable":true,"href":"https:\/\/alkyonvillas-folegandros.gr\/de\/wp-json\/wp\/v2\/comments?post=631"}],"version-history":[{"count":8,"href":"https:\/\/alkyonvillas-folegandros.gr\/de\/wp-json\/wp\/v2\/pages\/631\/revisions"}],"predecessor-version":[{"id":847,"href":"https:\/\/alkyonvillas-folegandros.gr\/de\/wp-json\/wp\/v2\/pages\/631\/revisions\/847"}],"wp:attachment":[{"href":"https:\/\/alkyonvillas-folegandros.gr\/de\/wp-json\/wp\/v2\/media?parent=631"}],"curies":[{"name":"wp","href":"https:\/\/api.w.org\/{rel}","templated":true}]}}