{"id":642,"date":"2018-03-07T06:20:28","date_gmt":"2018-03-07T06:20:28","guid":{"rendered":"https:\/\/alkyonvillas-folegandros.gr\/?page_id=642"},"modified":"2018-03-11T18:38:20","modified_gmt":"2018-03-11T18:38:20","slug":"the-design","status":"publish","type":"page","link":"https:\/\/alkyonvillas-folegandros.gr\/de\/the-design\/","title":{"rendered":"Das Design"},"content":{"rendered":"<p><a href=\"https:\/\/www.alkyonvillas-folegandros.gr\/images\/design1la.jpg\" rel=\"lytebox\"><img loading=\"lazy\" decoding=\"async\" class=\"size-medium wp-image-694 alignleft\" src=\"https:\/\/alkyonvillas-folegandros.gr\/wp-content\/uploads\/2018\/03\/design1-300x162.jpeg\" alt=\"\" width=\"300\" height=\"162\" srcset=\"https:\/\/alkyonvillas-folegandros.gr\/wp-content\/uploads\/2018\/03\/design1-300x162.jpeg 300w, https:\/\/alkyonvillas-folegandros.gr\/wp-content\/uploads\/2018\/03\/design1-768x416.jpeg 768w, https:\/\/alkyonvillas-folegandros.gr\/wp-content\/uploads\/2018\/03\/design1.jpeg 900w\" sizes=\"auto, (max-width: 300px) 100vw, 300px\" \/><\/a>Das Design der Wohnbauten stellt das Ergebnis der Zusammenarbeit von Architekten und Bauingenieuren aus Athen und Thessaloniki dar, und zwar von Ilias Stavridis (Zivilingenieur), Nikos Oikonomou (Architekt-Ingenieur), Lydia Lake Stavridou (Architektin-Ingenieurin), Klara Stavridou (Zivilingenieurin), Dimitris Angelou (Zivilingenieur) und Christos Panagis (Zivilingenieur). Die Gruppe legte die endg\u00fcltigen Baupl\u00e4ne fest, nachdem sie eine l\u00e4ngere Zeit auf der Insel verbrachte und das Grundst\u00fcck und die Region \u00fcber ein Jahr t\u00e4glich besuchte. Demnach, unter Ber\u00fccksichtigung der Grunds\u00e4tze der bioklimatischen Architektur, des lokalen Klimas und Mikroklimas, sind die Orientierung, die Ausblicke, der Lauf der Sonne und die Dauer des Tages sowie der Wind, Faktoren gewesen, die gr\u00fcndlich betrachtet wurden, um das Endergebnis zu erzielen.<\/p>\n<hr \/>\n<p><a href=\"https:\/\/www.alkyonvillas-folegandros.gr\/images\/design2la.jpg\" rel=\"lytebox\"><img loading=\"lazy\" decoding=\"async\" class=\"size-medium wp-image-697 alignleft\" src=\"https:\/\/alkyonvillas-folegandros.gr\/wp-content\/uploads\/2018\/03\/design2-300x180.jpeg\" alt=\"\" width=\"300\" height=\"180\" srcset=\"https:\/\/alkyonvillas-folegandros.gr\/wp-content\/uploads\/2018\/03\/design2-300x180.jpeg 300w, https:\/\/alkyonvillas-folegandros.gr\/wp-content\/uploads\/2018\/03\/design2-768x461.jpeg 768w, https:\/\/alkyonvillas-folegandros.gr\/wp-content\/uploads\/2018\/03\/design2.jpeg 900w\" sizes=\"auto, (max-width: 300px) 100vw, 300px\" \/><\/a>Auf der Grundlage der Einzigartigkeit von Folegandros und mit Respekt f\u00fcr deren Architektur, werden die Wohnbauten gem\u00e4\u00df der traditionellen Bauart, die mit der Landschaft einhergeht, aus lokalem Stein hergestellt, wobei Materialien der Insel eingesetzt und die lokalen Bedingungen in die t\u00e4glichen Funktionen integriert werden. Und all dies unter Bewahrung der Annehmlichkeiten eines modernen Ferienhauses.<\/p>\n<p>&nbsp;<\/p>\n<p>&nbsp;<\/p>\n<p>&nbsp;<\/p>\n<hr \/>\n<p><a href=\"https:\/\/www.alkyonvillas-folegandros.gr\/images\/design3la.jpg\" rel=\"lytebox\"><img loading=\"lazy\" decoding=\"async\" class=\"size-medium wp-image-700 alignleft\" src=\"https:\/\/alkyonvillas-folegandros.gr\/wp-content\/uploads\/2018\/03\/design3-300x162.jpeg\" alt=\"\" width=\"300\" height=\"162\" srcset=\"https:\/\/alkyonvillas-folegandros.gr\/wp-content\/uploads\/2018\/03\/design3-300x162.jpeg 300w, https:\/\/alkyonvillas-folegandros.gr\/wp-content\/uploads\/2018\/03\/design3-768x416.jpeg 768w, https:\/\/alkyonvillas-folegandros.gr\/wp-content\/uploads\/2018\/03\/design3.jpeg 900w\" sizes=\"auto, (max-width: 300px) 100vw, 300px\" \/><\/a>Dar\u00fcber hinaus ist der von uns bei der Konstruktion verwendete lokale Stein ein Material, welches \u00fcber eine gro\u00dfe thermische Masse verf\u00fcgt. Auf diese Weise wird sichergestellt, dass trotz der externen Temperaturschwankungen im Laufe des Tages, die Temperatur im inneren des Hauses konstant bleibt, da der Stein die Eigenschaft besitzt, die thermische Energie aufzunehmen, wenn die Umwelt eine h\u00f6here Temperatur als der Stein aufweist, und entsprechend die thermische Energie zur\u00fcckzuf\u00fchren, wenn die Umwelttemperatur niedriger ist. Somit wird ein hoher thermischer Komfort unter Minimierung des Einsatzes von K\u00fchl- oder W\u00e4rmeanlagen erzielt.<\/p>\n<p>&nbsp;<\/p>\n<p>&nbsp;<\/p>\n<hr \/>\n<p>Zu guter Letzt wurden andere Themen, die sich auf den Wasser-und Stromverbrauch, die W\u00e4rmeisolierung und die Verwendung der Sonnenenergie beziehen, tiefgehend betrachtet, um moderne Lebensumst\u00e4nde in einem Ferienhaus zu schaffen, das \u00fcbers ganze Jahr bewohnbar ist.<\/p>\n<p><a href=\"https:\/\/alkyonvillas-folegandros.gr\/de\/photo-gallery\/?album=665\">&#8230;mehr Photos<\/a><\/p>","protected":false},"excerpt":{"rendered":"<p>Das Design der Wohnbauten stellt das Ergebnis der Zusammenarbeit von Architekten und Bauingenieuren aus Athen und Thessaloniki dar, und zwar von Ilias Stavridis (Zivilingenieur), Nikos Oikonomou (Architekt-Ingenieur), Lydia Lake Stavridou<\/p>\n","protected":false},"author":1,"featured_media":0,"parent":0,"menu_order":0,"comment_status":"closed","ping_status":"closed","template":"","meta":{"footnotes":""},"class_list":["post-642","page","type-page","status-publish","hentry"],"_links":{"self":[{"href":"https:\/\/alkyonvillas-folegandros.gr\/de\/wp-json\/wp\/v2\/pages\/642","targetHints":{"allow":["GET"]}}],"collection":[{"href":"https:\/\/alkyonvillas-folegandros.gr\/de\/wp-json\/wp\/v2\/pages"}],"about":[{"href":"https:\/\/alkyonvillas-folegandros.gr\/de\/wp-json\/wp\/v2\/types\/page"}],"author":[{"embeddable":true,"href":"https:\/\/alkyonvillas-folegandros.gr\/de\/wp-json\/wp\/v2\/users\/1"}],"replies":[{"embeddable":true,"href":"https:\/\/alkyonvillas-folegandros.gr\/de\/wp-json\/wp\/v2\/comments?post=642"}],"version-history":[{"count":18,"href":"https:\/\/alkyonvillas-folegandros.gr\/de\/wp-json\/wp\/v2\/pages\/642\/revisions"}],"predecessor-version":[{"id":774,"href":"https:\/\/alkyonvillas-folegandros.gr\/de\/wp-json\/wp\/v2\/pages\/642\/revisions\/774"}],"wp:attachment":[{"href":"https:\/\/alkyonvillas-folegandros.gr\/de\/wp-json\/wp\/v2\/media?parent=642"}],"curies":[{"name":"wp","href":"https:\/\/api.w.org\/{rel}","templated":true}]}}