{"id":645,"date":"2018-03-07T06:43:53","date_gmt":"2018-03-07T06:43:53","guid":{"rendered":"https:\/\/alkyonvillas-folegandros.gr\/?page_id=645"},"modified":"2018-03-07T06:48:56","modified_gmt":"2018-03-07T06:48:56","slug":"construction-specifications","status":"publish","type":"page","link":"https:\/\/alkyonvillas-folegandros.gr\/de\/construction-specifications\/","title":{"rendered":"Technische Daten"},"content":{"rendered":"<p>Steinw\u00e4nde mit einer Dicke von 50-60 cm<\/p>\n<ul>\n<li>\nTragendes Gestell aus Stahlbeton gem\u00e4\u00df den modernen antiseismischen Vorgaben<\/li>\n<li>\nEingebaute Sofas<\/li>\n<li>\nHolzzargen<\/li>\n<li>\nDoppelte Energie-Fenstergl\u00e4ser<\/li>\n<li>\nSicherheitsschl\u00f6sser<\/li>\n<li>\nHolzd\u00e4cher<\/li>\n<li>\nB\u00f6den aus Zementm\u00f6rtel<\/li>\n<li>\nBadezimmer und K\u00fcchentheken aus Zementm\u00f6rtel<\/li>\n<li>\n\u00d6kologische Farben<\/li>\n<li>\nW\u00e4rme-und Feuchtigkeitsisolierung<\/li>\n<li>\nAngebaute Flachd\u00e4cher<\/li>\n<li>\nWarmes Wasser aus solaren Warmwasseranlagen<\/li>\n<li>\nWassertank<\/li>\n<li>\nVollst\u00e4ndige Elektroinstallation<\/li>\n<li>\nWi-fi (Verkabelung)<\/li>\n<li>\nSatelliten-TV<\/li>\n<li>\nElektroger\u00e4te<\/li>\n<li>\nSanit\u00e4rausstattung<\/li>\n<li>\nK\u00fcchenm\u00f6bel<\/li>\n<li>\nSchr\u00e4nke<\/li>\n<li>\nG\u00e4rten<\/li>\n<\/ul>\n<p><\/p>","protected":false},"excerpt":{"rendered":"<p>Steinw\u00e4nde mit einer Dicke von 50-60 cm Tragendes Gestell aus Stahlbeton gem\u00e4\u00df den modernen antiseismischen Vorgaben Eingebaute Sofas Holzzargen Doppelte Energie-Fenstergl\u00e4ser Sicherheitsschl\u00f6sser Holzd\u00e4cher B\u00f6den aus Zementm\u00f6rtel Badezimmer und K\u00fcchentheken aus<\/p>\n","protected":false},"author":1,"featured_media":0,"parent":0,"menu_order":0,"comment_status":"closed","ping_status":"closed","template":"","meta":{"footnotes":""},"class_list":["post-645","page","type-page","status-publish","hentry"],"_links":{"self":[{"href":"https:\/\/alkyonvillas-folegandros.gr\/de\/wp-json\/wp\/v2\/pages\/645","targetHints":{"allow":["GET"]}}],"collection":[{"href":"https:\/\/alkyonvillas-folegandros.gr\/de\/wp-json\/wp\/v2\/pages"}],"about":[{"href":"https:\/\/alkyonvillas-folegandros.gr\/de\/wp-json\/wp\/v2\/types\/page"}],"author":[{"embeddable":true,"href":"https:\/\/alkyonvillas-folegandros.gr\/de\/wp-json\/wp\/v2\/users\/1"}],"replies":[{"embeddable":true,"href":"https:\/\/alkyonvillas-folegandros.gr\/de\/wp-json\/wp\/v2\/comments?post=645"}],"version-history":[{"count":6,"href":"https:\/\/alkyonvillas-folegandros.gr\/de\/wp-json\/wp\/v2\/pages\/645\/revisions"}],"predecessor-version":[{"id":652,"href":"https:\/\/alkyonvillas-folegandros.gr\/de\/wp-json\/wp\/v2\/pages\/645\/revisions\/652"}],"wp:attachment":[{"href":"https:\/\/alkyonvillas-folegandros.gr\/de\/wp-json\/wp\/v2\/media?parent=645"}],"curies":[{"name":"wp","href":"https:\/\/api.w.org\/{rel}","templated":true}]}}