{"id":653,"date":"2018-03-07T07:06:22","date_gmt":"2018-03-07T07:06:22","guid":{"rendered":"https:\/\/alkyonvillas-folegandros.gr\/?page_id=653"},"modified":"2018-03-08T11:14:36","modified_gmt":"2018-03-08T11:14:36","slug":"why-folegandros","status":"publish","type":"page","link":"https:\/\/alkyonvillas-folegandros.gr\/de\/why-folegandros\/","title":{"rendered":"Warum auf Folegandros?"},"content":{"rendered":"<p><a href=\"https:\/\/www.alkyonvillas-folegandros.gr\/images\/whyfolegandros1-1la.jpg\" rel=\"lytebox\"><img loading=\"lazy\" decoding=\"async\" class=\"size-medium wp-image-687 alignleft\" src=\"https:\/\/alkyonvillas-folegandros.gr\/wp-content\/uploads\/2018\/03\/22-300x200.jpeg\" alt=\"\" width=\"300\" height=\"200\" srcset=\"https:\/\/alkyonvillas-folegandros.gr\/wp-content\/uploads\/2018\/03\/22-300x200.jpeg 300w, https:\/\/alkyonvillas-folegandros.gr\/wp-content\/uploads\/2018\/03\/22-768x511.jpeg 768w, https:\/\/alkyonvillas-folegandros.gr\/wp-content\/uploads\/2018\/03\/22.jpeg 900w\" sizes=\"auto, (max-width: 300px) 100vw, 300px\" \/><\/a>Folegandros ist eine kleine Insel in der N\u00e4he von Santorini. Ihr einzigartiger Charakter wurde im Laufe der Zeit aufrecht erhalten. Gl\u00fccklicherweise hat sich der Tourismus nicht auf die Landschaft ausgewirkt, was bei einem Besuch der Insel deutlich zu erkennen ist.<\/p>\n<p>&nbsp;<\/p>\n<p>&nbsp;<\/p>\n<p>&nbsp;<\/p>\n<p>&nbsp;<\/p>\n<hr \/>\n<p><a href=\"https:\/\/www.alkyonvillas-folegandros.gr\/images\/whyfolegandros2-2la.jpg\" rel=\"lytebox\"><img loading=\"lazy\" decoding=\"async\" class=\"size-medium wp-image-692 alignleft\" src=\"https:\/\/alkyonvillas-folegandros.gr\/wp-content\/uploads\/2018\/03\/27-300x225.jpeg\" alt=\"\" width=\"300\" height=\"225\" srcset=\"https:\/\/alkyonvillas-folegandros.gr\/wp-content\/uploads\/2018\/03\/27-300x225.jpeg 300w, https:\/\/alkyonvillas-folegandros.gr\/wp-content\/uploads\/2018\/03\/27-768x576.jpeg 768w, https:\/\/alkyonvillas-folegandros.gr\/wp-content\/uploads\/2018\/03\/27-200x150.jpeg 200w, https:\/\/alkyonvillas-folegandros.gr\/wp-content\/uploads\/2018\/03\/27.jpeg 900w\" sizes=\"auto, (max-width: 300px) 100vw, 300px\" \/><\/a>Die Sch\u00f6nheit von Folegandros liegt im Kontrast zwischen der ungastlichen felsigen Landschaft und der Klarheit des Horizonts. Langj\u00e4hrige harte Arbeit hat zur \u00dcberwindung der Widrigkeiten der Natur und zur Umwandlung der Insel in ein gastfreundliches Reiseziel gef\u00fchrt.<br \/>\n&nbsp;<\/p>\n<p>&nbsp;<\/p>\n<p>&nbsp;<\/p>\n<p>&nbsp;<\/p>\n<p>&nbsp;<\/p>\n<hr \/>\n<p><a href=\"https:\/\/www.alkyonvillas-folegandros.gr\/images\/whyfolegandros3-3la.jpg\" rel=\"lytebox\"><img loading=\"lazy\" decoding=\"async\" class=\"size-medium wp-image-689 alignleft\" src=\"https:\/\/alkyonvillas-folegandros.gr\/wp-content\/uploads\/2018\/03\/24-300x225.jpeg\" alt=\"\" width=\"300\" height=\"225\" srcset=\"https:\/\/alkyonvillas-folegandros.gr\/wp-content\/uploads\/2018\/03\/24-300x225.jpeg 300w, https:\/\/alkyonvillas-folegandros.gr\/wp-content\/uploads\/2018\/03\/24-768x576.jpeg 768w, https:\/\/alkyonvillas-folegandros.gr\/wp-content\/uploads\/2018\/03\/24-200x150.jpeg 200w, https:\/\/alkyonvillas-folegandros.gr\/wp-content\/uploads\/2018\/03\/24.jpeg 900w\" sizes=\"auto, (max-width: 300px) 100vw, 300px\" \/><\/a>Die Einwohner von Folegandros hegen tiefe Gef\u00fchle des Respekts f\u00fcr die Natur und ihre Bescheidenheit wird auch in der bebauten Umwelt der Insel widergespiegelt. Die H\u00e4user bilden ordentliche Massen, die sich in der Naturlandschaft einf\u00fcgen. Nichts ist im \u00dcberma\u00df und alles hat seinen Platz. Und das \u00e4sthetische Ergebnis ist weder vorhersehbar noch langweilig. Die anscheinende Strenge wird durch leuchtende Farben und voll aufgebl\u00fchte Bougainvillen unterbrochen.<\/p>\n<p>&nbsp;<\/p>\n<p>&nbsp;<\/p>\n<p>&nbsp;<\/p>\n<p>&nbsp;<\/p>\n<hr \/>\n<p>Es sind haupts\u00e4chlich die Aura und Energie der Insel gewesen, die uns dazu gef\u00fchrt haben, Folegandros f\u00fcr unser Projekt auszuw\u00e4hlen..<\/p>\n<p><a href=\"https:\/\/alkyonvillas-folegandros.gr\/de\/photo-gallery\/?album=665\">&#8230;mehr Photos<\/a><\/p>","protected":false},"excerpt":{"rendered":"<p>Folegandros ist eine kleine Insel in der N\u00e4he von Santorini. Ihr einzigartiger Charakter wurde im Laufe der Zeit aufrecht erhalten. Gl\u00fccklicherweise hat sich der Tourismus nicht auf die Landschaft ausgewirkt,<\/p>\n","protected":false},"author":1,"featured_media":0,"parent":0,"menu_order":0,"comment_status":"closed","ping_status":"closed","template":"","meta":{"footnotes":""},"class_list":["post-653","page","type-page","status-publish","hentry"],"_links":{"self":[{"href":"https:\/\/alkyonvillas-folegandros.gr\/de\/wp-json\/wp\/v2\/pages\/653","targetHints":{"allow":["GET"]}}],"collection":[{"href":"https:\/\/alkyonvillas-folegandros.gr\/de\/wp-json\/wp\/v2\/pages"}],"about":[{"href":"https:\/\/alkyonvillas-folegandros.gr\/de\/wp-json\/wp\/v2\/types\/page"}],"author":[{"embeddable":true,"href":"https:\/\/alkyonvillas-folegandros.gr\/de\/wp-json\/wp\/v2\/users\/1"}],"replies":[{"embeddable":true,"href":"https:\/\/alkyonvillas-folegandros.gr\/de\/wp-json\/wp\/v2\/comments?post=653"}],"version-history":[{"count":14,"href":"https:\/\/alkyonvillas-folegandros.gr\/de\/wp-json\/wp\/v2\/pages\/653\/revisions"}],"predecessor-version":[{"id":725,"href":"https:\/\/alkyonvillas-folegandros.gr\/de\/wp-json\/wp\/v2\/pages\/653\/revisions\/725"}],"wp:attachment":[{"href":"https:\/\/alkyonvillas-folegandros.gr\/de\/wp-json\/wp\/v2\/media?parent=653"}],"curies":[{"name":"wp","href":"https:\/\/api.w.org\/{rel}","templated":true}]}}