{"id":656,"date":"2018-03-07T07:07:43","date_gmt":"2018-03-07T07:07:43","guid":{"rendered":"https:\/\/alkyonvillas-folegandros.gr\/?page_id=656"},"modified":"2018-03-08T11:22:00","modified_gmt":"2018-03-08T11:22:00","slug":"access","status":"publish","type":"page","link":"https:\/\/alkyonvillas-folegandros.gr\/de\/access\/","title":{"rendered":"Zugang"},"content":{"rendered":"<p>Folegandros kann man \u00fcber ihren Hafen, Karavostatis, per Schiff erreichen. Es gibt auch einen Hubschrauberlandeplatz f\u00fcr Notf\u00e4lle.<\/p>\n<p>W\u00e4hrend der Sommerzeit gibt es t\u00e4glich eine Schnellf\u00e4hre von Pir\u00e4us nach Folegandros.<\/p>\n<p>Alternativ kann man Folegandros \u00fcber den Flughafen und den Hafen von Santorini erreichen.<\/p>\n<p><strong><span style=\"text-decoration: underline;\">N\u00fctzliche Links<\/span><\/strong><\/p>\n<p><a href=\"http:\/\/www.aia.gr\" target=\"_blank\">www.aia.gr<\/a><\/p>\n<p><a href=\"http:\/\/www.bluestarferries.gr\" target=\"_blank\">www.bluestarferries.gr<\/a><\/p>\n<p><a href=\"http:\/\/www.zanteferries.gr\" target=\"_blank\">www.zanteferries.gr<\/a><\/p>\n<p><a href=\"http:\/\/www.seajets.gr\" target=\"_blank\">www.seajets.gr<\/a><\/p>\n<p><a href=\"http:\/\/www.openseas.gr\" target=\"_blank\">www.openseas.gr<\/a><\/p>\n<p><a href=\"http:\/\/www.santoriniairport.com\" target=\"_blank\">www.santoriniairport.com<\/a><\/p>\n<p><\/p>","protected":false},"excerpt":{"rendered":"<p>Folegandros kann man \u00fcber ihren Hafen, Karavostatis, per Schiff erreichen. Es gibt auch einen Hubschrauberlandeplatz f\u00fcr Notf\u00e4lle. W\u00e4hrend der Sommerzeit gibt es t\u00e4glich eine Schnellf\u00e4hre von Pir\u00e4us nach Folegandros. Alternativ<\/p>\n","protected":false},"author":1,"featured_media":0,"parent":0,"menu_order":0,"comment_status":"closed","ping_status":"closed","template":"","meta":{"footnotes":""},"class_list":["post-656","page","type-page","status-publish","hentry"],"_links":{"self":[{"href":"https:\/\/alkyonvillas-folegandros.gr\/de\/wp-json\/wp\/v2\/pages\/656","targetHints":{"allow":["GET"]}}],"collection":[{"href":"https:\/\/alkyonvillas-folegandros.gr\/de\/wp-json\/wp\/v2\/pages"}],"about":[{"href":"https:\/\/alkyonvillas-folegandros.gr\/de\/wp-json\/wp\/v2\/types\/page"}],"author":[{"embeddable":true,"href":"https:\/\/alkyonvillas-folegandros.gr\/de\/wp-json\/wp\/v2\/users\/1"}],"replies":[{"embeddable":true,"href":"https:\/\/alkyonvillas-folegandros.gr\/de\/wp-json\/wp\/v2\/comments?post=656"}],"version-history":[{"count":6,"href":"https:\/\/alkyonvillas-folegandros.gr\/de\/wp-json\/wp\/v2\/pages\/656\/revisions"}],"predecessor-version":[{"id":730,"href":"https:\/\/alkyonvillas-folegandros.gr\/de\/wp-json\/wp\/v2\/pages\/656\/revisions\/730"}],"wp:attachment":[{"href":"https:\/\/alkyonvillas-folegandros.gr\/de\/wp-json\/wp\/v2\/media?parent=656"}],"curies":[{"name":"wp","href":"https:\/\/api.w.org\/{rel}","templated":true}]}}