{"id":659,"date":"2018-03-07T07:09:29","date_gmt":"2018-03-07T07:09:29","guid":{"rendered":"https:\/\/alkyonvillas-folegandros.gr\/?page_id=659"},"modified":"2022-11-03T11:30:54","modified_gmt":"2022-11-03T11:30:54","slug":"activities","status":"publish","type":"page","link":"https:\/\/alkyonvillas-folegandros.gr\/de\/activities\/","title":{"rendered":"Aktivit\u00e4ten"},"content":{"rendered":"<p><strong>Str\u00e4nde<\/strong><\/p>\n<p>Die Str\u00e4nde von Folegandros lassen sich in zwei Kategorien aufteilen:<\/p>\n<p>Die s\u00fcdlichen Str\u00e4nde, die stets windgesch\u00fctzt sind und \u00fcber ruhiges Gew\u00e4sser verf\u00fcgen, und die n\u00f6rdlichen Str\u00e4nde, die zwar den Wetterbedingungen mehr ausgesetzt sind, jedoch einen Besuch wert sind.<\/p>\n<p>Agkali, Agios Nikolaos, Agios Georgios, Katergo, Livadaki, Ampeli und Litinaki geh\u00f6ren zu den bekanntesten Str\u00e4nden.<\/p>\n<p><strong>Pfade<\/strong><\/p>\n<p>Die Insel ist voll mit Pfaden, die fr\u00fcher das Stra\u00dfennetz darstellten, \u00fcber welches die Inseleinwohner ihre Produkte transportierten.<\/p>\n<p>Die beste Art um die Landschaft von Folegandros zu entdecken ist zu Fu\u00df. Das Pfadnetz ist sehr gut erhalten und der Besucher kann auf diese Weise die Flora und Fauna der Insel erkunden.<\/p>\n<p>Manche der Pfade f\u00fchren zu Str\u00e4nden und somit kann man das Wandern mit dem Schwimmen kombinieren.<\/p>\n<p><strong>Essen und Nachtleben<\/strong><\/p>\n<p>Folegandros verf\u00fcgt \u00fcber eine gro\u00dfe gastronomische Tradition und mache ihrer Speisen, wie die lokalen Teigwaren Matsapa, die traditionellerweise mit Hahn serviert werden, sind ziemlich ber\u00fchmt.<\/p>\n<p>Auf der Insel gibt es Restaurants mit Gerichten der europ\u00e4ischen und lokalen K\u00fcche, die jeden Geschmack zufriedenstellen. Bei Sonnenuntergang f\u00fcllen sich die Pl\u00e4tze der Chora mit Menschen und es liegt eine feierliche Atmosph\u00e4re in der Luft. Die Bars sind bis 3.00 Uhr morgens ge\u00f6ffnet.<\/p>\n<p>Die Villen AlkyonVillas liegen an einem Punkt, von dem man aus jeden Augenblick des Lebens der Insel genie\u00dfen kann.<\/p>\n<p><strong><span style=\"text-decoration: underline;\">N\u00fctzliche Links<\/span><\/strong><\/p>\n<p><a href=\"http:\/\/www.folegandros.gr\" target=\"_blank\" rel=\"noopener\">www.folegandros.gr<\/a><\/p>\n<p><a href=\"http:\/\/www.folegandros.com\" target=\"_blank\" rel=\"noopener\">www.folegandros.com<\/a><\/p>\n<p><\/p>","protected":false},"excerpt":{"rendered":"<p>Str\u00e4nde Die Str\u00e4nde von Folegandros lassen sich in zwei Kategorien aufteilen: Die s\u00fcdlichen Str\u00e4nde, die stets windgesch\u00fctzt sind und \u00fcber ruhiges Gew\u00e4sser verf\u00fcgen, und die n\u00f6rdlichen Str\u00e4nde, die zwar den<\/p>\n","protected":false},"author":1,"featured_media":0,"parent":0,"menu_order":0,"comment_status":"closed","ping_status":"closed","template":"","meta":{"footnotes":""},"class_list":["post-659","page","type-page","status-publish","hentry"],"_links":{"self":[{"href":"https:\/\/alkyonvillas-folegandros.gr\/de\/wp-json\/wp\/v2\/pages\/659","targetHints":{"allow":["GET"]}}],"collection":[{"href":"https:\/\/alkyonvillas-folegandros.gr\/de\/wp-json\/wp\/v2\/pages"}],"about":[{"href":"https:\/\/alkyonvillas-folegandros.gr\/de\/wp-json\/wp\/v2\/types\/page"}],"author":[{"embeddable":true,"href":"https:\/\/alkyonvillas-folegandros.gr\/de\/wp-json\/wp\/v2\/users\/1"}],"replies":[{"embeddable":true,"href":"https:\/\/alkyonvillas-folegandros.gr\/de\/wp-json\/wp\/v2\/comments?post=659"}],"version-history":[{"count":9,"href":"https:\/\/alkyonvillas-folegandros.gr\/de\/wp-json\/wp\/v2\/pages\/659\/revisions"}],"predecessor-version":[{"id":867,"href":"https:\/\/alkyonvillas-folegandros.gr\/de\/wp-json\/wp\/v2\/pages\/659\/revisions\/867"}],"wp:attachment":[{"href":"https:\/\/alkyonvillas-folegandros.gr\/de\/wp-json\/wp\/v2\/media?parent=659"}],"curies":[{"name":"wp","href":"https:\/\/api.w.org\/{rel}","templated":true}]}}