{"id":83,"date":"2018-02-26T18:53:09","date_gmt":"2018-02-26T18:53:09","guid":{"rendered":"https:\/\/alkyonvillas-folegandros.gr\/?page_id=83"},"modified":"2019-06-11T18:55:12","modified_gmt":"2019-06-11T18:55:12","slug":"the-villas","status":"publish","type":"page","link":"https:\/\/alkyonvillas-folegandros.gr\/de\/the-villas\/","title":{"rendered":"Die Villen"},"content":{"rendered":"<p>Die zum Verkauf angebotenen Villen verf\u00fcgen \u00fcber verschiedene Fl\u00e4chenma\u00dfe, die von 60 bis 130 qm reichen, und eine einzigartige Raumgestaltung, je nach Lage und Orientierung auf dem Grundst\u00fcck. Dieselbe Designphilosophie wurde \u00fcberall angewendet und basiert auf der Absicht der Kontinuit\u00e4t und des Zusammenspiels der Aktivit\u00e4ten im Innen-und Au\u00dfenraum jedes Hauses. Dar\u00fcber hinaus wurde besonderer Wert auf die Sicherstellung eines ungehinderten Blicks von jeder Stelle des Innenraums und von jeder \u00d6ffnung der Wohnbauten gelegt.<\/p>\n<div class=\"news-section-info clearfix\">\n<h3 class=\"section-title\">Wohnbau \u039a1<\/h3>\n<\/div>\n<p>Der Wohnbau besteht aus massiver Steinwand mit einer Dicke von 50 -60 cm. Er verf\u00fcgt \u00fcber eine Fl\u00e4che von 90,02 qm.<br \/>\nEr besteht aus : K\u00fcche, Wohnzimmer, Essraum, Zwei Schlafzimmern, Zwei Badezimmern, Parkplatz<br \/>\nDas Wohnzimmer kann auch als Schlafzimmer verwendet werden.<br \/>\n<div class=\"gdc_row\"><div class=\"gdc_column gdc_cthird\"><div class=\"gdc_inner\"><br \/>\n<a href=\"https:\/\/alkyonvillas-folegandros.gr\/wp-content\/uploads\/2018\/02\/1.jpeg\" rel=\"lytebox\"><img loading=\"lazy\" decoding=\"async\" class=\"size-medium wp-image-99 alignleft\" src=\"https:\/\/alkyonvillas-folegandros.gr\/wp-content\/uploads\/2018\/02\/1-370x241.jpeg\" alt=\"\" width=\"370\" height=\"241\" \/><\/a><br \/>\n<\/div><\/div><div class=\"gdc_column gdc_cthird\"><div class=\"gdc_inner\"><br \/>\n<a href=\"https:\/\/alkyonvillas-folegandros.gr\/de\/photo-gallery\/?album=140\"><img loading=\"lazy\" decoding=\"async\" class=\"alignnone size-full wp-image-114\" src=\"https:\/\/alkyonvillas-folegandros.gr\/wp-content\/uploads\/2018\/02\/gallery_but_rent_now.png\" alt=\"\" width=\"183\" height=\"52\" \/><\/a><br \/>\n<\/div><\/div><div class=\"gdc_column gdc_cthird\"><div class=\"gdc_inner\"><br \/>\n<strong>K1, Erdgeschoss<\/strong><br \/>\n<a href=\"https:\/\/www.alkyonvillas-folegandros.gr\/images\/k1-de.jpg\" rel=\"lytebox\"><img loading=\"lazy\" decoding=\"async\" class=\"alignnone size-medium wp-image-120\" src=\"https:\/\/alkyonvillas-folegandros.gr\/wp-content\/uploads\/2018\/02\/image1.png\" alt=\"\" width=\"120\" height=\"76\" \/><\/a> <a href=\"https:\/\/www.alkyonvillas-folegandros.gr\/pdf\/k1de.pdf\" target=\"_blank\" rel=\"noopener\"><img loading=\"lazy\" decoding=\"async\" class=\"alignnone size-full wp-image-119\" src=\"https:\/\/alkyonvillas-folegandros.gr\/wp-content\/uploads\/2018\/02\/pdf1.png\" alt=\"\" width=\"120\" height=\"76\" \/><\/a><br \/>\n<\/div><\/div><\/div><\/p>\n<div class=\"news-section-info clearfix\">\n<h3 class=\"section-title\">Wohnbau \u039a3<\/h3>\n<\/div>\n<p>Der Wohnbau besteht aus massiver Steinwand mit einer Dicke von 50 -60 cm. Er verf\u00fcgt \u00fcber eine Fl\u00e4che von 57 qm<br \/>\nEr besteht aus : K\u00fcche, Wohnzimmer, Essraum, Einem Schlafzimmer, Einem Badezimmer, Parkplatz<br \/>\nDas Wohnzimmer kann auch als Schlafzimmer verwendet werden.<br \/>\n<div class=\"gdc_row\"><div class=\"gdc_column gdc_cthird\"><div class=\"gdc_inner\"><br \/>\n<a href=\"https:\/\/alkyonvillas-folegandros.gr\/wp-content\/uploads\/2018\/02\/4k3.jpeg\" rel=\"lytebox\"><img loading=\"lazy\" decoding=\"async\" class=\"size-medium wp-image-99 alignleft\" src=\"https:\/\/alkyonvillas-folegandros.gr\/wp-content\/uploads\/2018\/02\/4k3-370x241.jpeg\" alt=\"\" width=\"370\" height=\"241\" \/><\/a><br \/>\n<\/div><\/div><div class=\"gdc_column gdc_cthird\"><div class=\"gdc_inner\"><br \/>\n<a href=\"https:\/\/alkyonvillas-folegandros.gr\/de\/photo-gallery\/?album=176\"><img loading=\"lazy\" decoding=\"async\" class=\"alignnone size-full wp-image-114\" src=\"https:\/\/alkyonvillas-folegandros.gr\/wp-content\/uploads\/2018\/02\/gallery_but_rent_now.png\" alt=\"\" width=\"183\" height=\"52\" \/><\/a><br \/>\n<\/div><\/div><div class=\"gdc_column gdc_cthird\"><div class=\"gdc_inner\"><br \/>\n<strong>K3, Erdgeschoss<\/strong><br \/>\n<a href=\"https:\/\/www.alkyonvillas-folegandros.gr\/images\/sxk3gr.jpg\" rel=\"lytebox\"><img loading=\"lazy\" decoding=\"async\" class=\"alignnone size-medium wp-image-120\" src=\"https:\/\/alkyonvillas-folegandros.gr\/wp-content\/uploads\/2018\/02\/image1.png\" alt=\"\" width=\"120\" height=\"76\" \/><\/a> <a href=\"https:\/\/www.alkyonvillas-folegandros.gr\/pdf\/elk3.pdf\" target=\"_blank\" rel=\"noopener\"><img loading=\"lazy\" decoding=\"async\" class=\"alignnone size-full wp-image-119\" src=\"https:\/\/alkyonvillas-folegandros.gr\/wp-content\/uploads\/2018\/02\/pdf1.png\" alt=\"\" width=\"120\" height=\"76\" \/><\/a><br \/>\n<\/div><\/div><\/div><\/p>\n<div class=\"news-section-info clearfix\">\n<h3 class=\"section-title\">Wohnung \u039a4<\/h3>\n<\/div>\n<p>Der Wohnbau besteht aus massiver Steinwand mit einer Dicke von 50 -60 cm. Er verf\u00fcgt \u00fcber eine Fl\u00e4che von 125.24 qm.<br \/>\nEr besteht aus : K\u00fcche, Zwei Wohnzimmern (eins im Erdgeschoss und eins auf dem Obergeschoss), Essraum, Zwei Schlafzimmern, Zwei Badezimmern, Abstellraum, Parkplatz<br \/>\nBeide Wohnzimmer k\u00f6nnen auch als Schlafzimmer verwendet werden.<br \/>\nDar\u00fcber hinaus k\u00f6nnen die Wohnbauten \u039a3 und \u039a4 in einem gr\u00f6\u00dferen funktionellen Wohnbau vereinigt werden, der aus zwei Bauteilen besteht.<br \/>\n<div class=\"gdc_row\"><div class=\"gdc_column gdc_cthird\"><div class=\"gdc_inner\"><br \/>\n<a href=\"https:\/\/alkyonvillas-folegandros.gr\/wp-content\/uploads\/2018\/02\/6k4.jpeg\" rel=\"lytebox\"><img loading=\"lazy\" decoding=\"async\" class=\"size-medium wp-image-99 alignleft\" src=\"https:\/\/alkyonvillas-folegandros.gr\/wp-content\/uploads\/2018\/02\/6k4-370x241.jpeg\" alt=\"\" width=\"370\" height=\"241\" \/><\/a><br \/>\n<\/div><\/div><div class=\"gdc_column gdc_cthird\"><div class=\"gdc_inner\"><br \/>\n<a href=\"https:\/\/alkyonvillas-folegandros.gr\/de\/photo-gallery\/?album=202\"><img loading=\"lazy\" decoding=\"async\" class=\"alignnone size-full wp-image-114\" src=\"https:\/\/alkyonvillas-folegandros.gr\/wp-content\/uploads\/2018\/02\/gallery_but_rent_now.png\" alt=\"\" width=\"183\" height=\"52\" \/><\/a><br \/>\n<\/div><\/div><div class=\"gdc_column gdc_cthird\"><div class=\"gdc_inner\"><br \/>\n<strong>K4, Erdgeschoss<\/strong><br \/>\n<a href=\"https:\/\/www.alkyonvillas-folegandros.gr\/images\/sxk4-0gr.jpg\" rel=\"lytebox\"><img loading=\"lazy\" decoding=\"async\" class=\"alignnone size-medium wp-image-120\" src=\"https:\/\/alkyonvillas-folegandros.gr\/wp-content\/uploads\/2018\/02\/image1.png\" alt=\"\" width=\"120\" height=\"76\" \/><\/a> <a href=\"https:\/\/www.alkyonvillas-folegandros.gr\/pdf\/elk4.pdf\" target=\"_blank\" rel=\"noopener\"><img loading=\"lazy\" decoding=\"async\" class=\"alignnone size-full wp-image-119\" src=\"https:\/\/alkyonvillas-folegandros.gr\/wp-content\/uploads\/2018\/02\/pdf1.png\" alt=\"\" width=\"120\" height=\"76\" \/><\/a><br \/>\n<strong>K4, Obergeschoss<\/strong><br \/>\n<a href=\"https:\/\/www.alkyonvillas-folegandros.gr\/images\/sxk4-1gr.jpg\" rel=\"lytebox\"><img loading=\"lazy\" decoding=\"async\" class=\"alignnone size-medium wp-image-120\" src=\"https:\/\/alkyonvillas-folegandros.gr\/wp-content\/uploads\/2018\/02\/image1.png\" alt=\"\" width=\"120\" height=\"76\" \/><\/a> <a href=\"https:\/\/www.alkyonvillas-folegandros.gr\/pdf\/elk4orofos.pdf\" target=\"_blank\" rel=\"noopener\"><img loading=\"lazy\" decoding=\"async\" class=\"alignnone size-full wp-image-119\" src=\"https:\/\/alkyonvillas-folegandros.gr\/wp-content\/uploads\/2018\/02\/pdf1.png\" alt=\"\" width=\"120\" height=\"76\" \/><\/a><br \/>\n<\/div><\/div><\/div><\/p>\n<div class=\"news-section-info clearfix\">\n<h3 class=\"section-title\">Wohnbau \u039a5<\/h3>\n<\/div>\n<p>Der Wohnbau besteht aus massiver Steinwand mit einer Dicke von 50 -60 cm. Er besteht aus zwei Ebenen, die funktionell unabh\u00e4ngig voneinander sind.<br \/>\nDie 1. Ebene mit einer Fl\u00e4che von 100qm besteht aus : K\u00fcche, Wohnzimmer, Essraum, Zwei Schlafzimmern, Einem Badezimmer, Parkplatz, Lager \u00e4u\u00dfere<br \/>\n<div class=\"gdc_row\"><div class=\"gdc_column gdc_cthird\"><div class=\"gdc_inner\"><br \/>\n<a href=\"https:\/\/alkyonvillas-folegandros.gr\/wp-content\/uploads\/2018\/02\/2k5.jpeg\" rel=\"lytebox\"><img loading=\"lazy\" decoding=\"async\" class=\"size-medium wp-image-99 alignleft\" src=\"https:\/\/alkyonvillas-folegandros.gr\/wp-content\/uploads\/2018\/02\/2k5-370x241.jpeg\" alt=\"\" width=\"370\" height=\"241\" \/><\/a><br \/>\n<\/div><\/div><div class=\"gdc_column gdc_cthird\"><div class=\"gdc_inner\"><br \/>\n<a href=\"https:\/\/alkyonvillas-folegandros.gr\/de\/photo-gallery\/?album=253\"><img loading=\"lazy\" decoding=\"async\" class=\"alignnone size-full wp-image-114\" src=\"https:\/\/alkyonvillas-folegandros.gr\/wp-content\/uploads\/2018\/02\/gallery_but_rent_now.png\" alt=\"\" width=\"183\" height=\"52\" \/><\/a><br \/>\n<\/div><\/div><div class=\"gdc_column gdc_cthird\"><div class=\"gdc_inner\"><br \/>\n<strong>K5, 1. Ebene<\/strong><br \/>\n<a href=\"https:\/\/www.alkyonvillas-folegandros.gr\/images\/sxk5-1de.jpg\" rel=\"lytebox\"><img loading=\"lazy\" decoding=\"async\" class=\"alignnone size-medium wp-image-120\" src=\"https:\/\/alkyonvillas-folegandros.gr\/wp-content\/uploads\/2018\/02\/image1.png\" alt=\"\" width=\"120\" height=\"76\" \/><\/a> <a href=\"https:\/\/www.alkyonvillas-folegandros.gr\/pdf\/k5-1de.pdf\" target=\"_blank\" rel=\"noopener\"><img loading=\"lazy\" decoding=\"async\" class=\"alignnone size-full wp-image-119\" src=\"https:\/\/alkyonvillas-folegandros.gr\/wp-content\/uploads\/2018\/02\/pdf1.png\" alt=\"\" width=\"120\" height=\"76\" \/><\/a><br \/>\n<\/div><\/div><\/div><\/p>\n<div class=\"news-section-info clearfix\">\n<h3 class=\"section-title\">Wohnbau \u039a6<\/h3>\n<\/div>\n<p>Die Ebene 0 K6 mit einer Fl\u00e4che von 37.72 qm besteht aus : Einem Schlaf-Wohnzimmer, Einem Badezimmer, Raum f\u00fcr kleine K\u00fcche<br \/>\nBeide Ebenen verf\u00fcgen \u00fcber einen ungehinderten Blick auf die Hauptstadt Chora von Folegandros und aufs Meer.<br \/>\n<div class=\"gdc_row\"><div class=\"gdc_column gdc_cthird\"><div class=\"gdc_inner\"><br \/>\n<a href=\"https:\/\/alkyonvillas-folegandros.gr\/wp-content\/uploads\/2018\/02\/14k6.jpeg\" rel=\"lytebox\"><img loading=\"lazy\" decoding=\"async\" class=\"size-medium wp-image-99 alignleft\" src=\"https:\/\/alkyonvillas-folegandros.gr\/wp-content\/uploads\/2018\/02\/14k6-370x241.jpeg\" alt=\"\" width=\"370\" height=\"241\" \/><\/a><br \/>\n<\/div><\/div><div class=\"gdc_column gdc_cthird\"><div class=\"gdc_inner\"><br \/>\n<a href=\"https:\/\/alkyonvillas-folegandros.gr\/de\/photo-gallery\/?album=295\"><img loading=\"lazy\" decoding=\"async\" class=\"alignnone size-full wp-image-114\" src=\"https:\/\/alkyonvillas-folegandros.gr\/wp-content\/uploads\/2018\/02\/gallery_but_rent_now.png\" alt=\"\" width=\"183\" height=\"52\" \/><\/a><br \/>\n<\/div><\/div><div class=\"gdc_column gdc_cthird\"><div class=\"gdc_inner\"><br \/>\n<strong>K6, Ebene 0<\/strong><br \/>\n<a href=\"https:\/\/www.alkyonvillas-folegandros.gr\/images\/sxk5-0de.jpg\" rel=\"lytebox\"><img loading=\"lazy\" decoding=\"async\" class=\"alignnone size-medium wp-image-120\" src=\"https:\/\/alkyonvillas-folegandros.gr\/wp-content\/uploads\/2018\/02\/image1.png\" alt=\"\" width=\"120\" height=\"76\" \/><\/a> <a href=\"https:\/\/www.alkyonvillas-folegandros.gr\/pdf\/k5-0de.pdf\" target=\"_blank\" rel=\"noopener\"><img loading=\"lazy\" decoding=\"async\" class=\"alignnone size-full wp-image-119\" src=\"https:\/\/alkyonvillas-folegandros.gr\/wp-content\/uploads\/2018\/02\/pdf1.png\" alt=\"\" width=\"120\" height=\"76\" \/><\/a><br \/>\n<\/div><\/div><\/div><\/p>\n<div class=\"news-section-info clearfix\">\n<h3 class=\"section-title\">Wohnbau \u039a2<\/h3>\n<\/div>\n<p>Der Wohnbau besteht aus massiver Steinwand mit einer Dicke von 50 -60 cm. Er verf\u00fcgt \u00fcber eine Fl\u00e4che von 102,02 qm.<br \/>\nEr besteht aus : K\u00fcche, Wohnzimmer, Essraum, Zwei Schlafzimmern, Zwei Badezimmern, Parkplatz<br \/>\nDas Wohnzimmer kann auch als Schlafzimmer verwendet werden<br \/>\n<div class=\"gdc_row\"><div class=\"gdc_column gdc_cthird\"><div class=\"gdc_inner\"><br \/>\n<a href=\"https:\/\/alkyonvillas-folegandros.gr\/wp-content\/uploads\/2018\/02\/6k2.jpeg\" rel=\"lytebox\"><img loading=\"lazy\" decoding=\"async\" class=\"size-medium wp-image-99 alignleft\" src=\"https:\/\/alkyonvillas-folegandros.gr\/wp-content\/uploads\/2018\/02\/6k2-370x241.jpeg\" alt=\"\" width=\"370\" height=\"241\" \/><\/a><br \/>\n<\/div><\/div><div class=\"gdc_column gdc_cthird\"><div class=\"gdc_inner\"><br \/>\n<a href=\"https:\/\/alkyonvillas-folegandros.gr\/de\/photo-gallery\/?album=164\"><img loading=\"lazy\" decoding=\"async\" class=\"alignnone size-full wp-image-114\" src=\"https:\/\/alkyonvillas-folegandros.gr\/wp-content\/uploads\/2018\/02\/gallery_but_rent_now.png\" alt=\"\" width=\"183\" height=\"52\" \/><\/a><br \/>\n<\/div><\/div><div class=\"gdc_column gdc_cthird\"><div class=\"gdc_inner\"><br \/>\n<strong>K2, Erdgeschoss<\/strong><br \/>\n<a href=\"https:\/\/www.alkyonvillas-folegandros.gr\/images\/k2grsl.jpg\" rel=\"lytebox\"><img loading=\"lazy\" decoding=\"async\" class=\"alignnone size-medium wp-image-120\" src=\"https:\/\/alkyonvillas-folegandros.gr\/wp-content\/uploads\/2018\/02\/image1.png\" alt=\"\" width=\"120\" height=\"76\" \/><\/a> <a href=\"https:\/\/www.alkyonvillas-folegandros.gr\/pdf\/elk2.pdf\" target=\"_blank\" rel=\"noopener\"><img loading=\"lazy\" decoding=\"async\" class=\"alignnone size-full wp-image-119\" src=\"https:\/\/alkyonvillas-folegandros.gr\/wp-content\/uploads\/2018\/02\/pdf1.png\" alt=\"\" width=\"120\" height=\"76\" \/><\/a><br \/>\n<\/div><\/div><\/div><\/p>","protected":false},"excerpt":{"rendered":"<p>Die zum Verkauf angebotenen Villen verf\u00fcgen \u00fcber verschiedene Fl\u00e4chenma\u00dfe, die von 60 bis 130 qm reichen, und eine einzigartige Raumgestaltung, je nach Lage und Orientierung auf dem Grundst\u00fcck. Dieselbe Designphilosophie<\/p>\n","protected":false},"author":1,"featured_media":375,"parent":0,"menu_order":0,"comment_status":"closed","ping_status":"closed","template":"","meta":{"footnotes":""},"class_list":["post-83","page","type-page","status-publish","has-post-thumbnail","hentry"],"_links":{"self":[{"href":"https:\/\/alkyonvillas-folegandros.gr\/de\/wp-json\/wp\/v2\/pages\/83","targetHints":{"allow":["GET"]}}],"collection":[{"href":"https:\/\/alkyonvillas-folegandros.gr\/de\/wp-json\/wp\/v2\/pages"}],"about":[{"href":"https:\/\/alkyonvillas-folegandros.gr\/de\/wp-json\/wp\/v2\/types\/page"}],"author":[{"embeddable":true,"href":"https:\/\/alkyonvillas-folegandros.gr\/de\/wp-json\/wp\/v2\/users\/1"}],"replies":[{"embeddable":true,"href":"https:\/\/alkyonvillas-folegandros.gr\/de\/wp-json\/wp\/v2\/comments?post=83"}],"version-history":[{"count":208,"href":"https:\/\/alkyonvillas-folegandros.gr\/de\/wp-json\/wp\/v2\/pages\/83\/revisions"}],"predecessor-version":[{"id":837,"href":"https:\/\/alkyonvillas-folegandros.gr\/de\/wp-json\/wp\/v2\/pages\/83\/revisions\/837"}],"wp:featuredmedia":[{"embeddable":true,"href":"https:\/\/alkyonvillas-folegandros.gr\/de\/wp-json\/wp\/v2\/media\/375"}],"wp:attachment":[{"href":"https:\/\/alkyonvillas-folegandros.gr\/de\/wp-json\/wp\/v2\/media?parent=83"}],"curies":[{"name":"wp","href":"https:\/\/api.w.org\/{rel}","templated":true}]}}