{"id":537,"date":"2018-03-03T09:30:44","date_gmt":"2018-03-03T09:30:44","guid":{"rendered":"https:\/\/alkyonvillas-folegandros.gr\/?page_id=537"},"modified":"2022-11-03T11:31:28","modified_gmt":"2022-11-03T11:31:28","slug":"the-location","status":"publish","type":"page","link":"https:\/\/alkyonvillas-folegandros.gr\/fr\/the-location\/","title":{"rendered":"Le site"},"content":{"rendered":"<p>Le site b\u00e9n\u00e9ficie d&rsquo;une position privil\u00e9gi\u00e9e \u00e0 flanc de colline \u00e0 l&rsquo;oppos\u00e9 de Hora dans la r\u00e9gion appel\u00e9e \u00ab\u00a0Thimonies\u00a0\u00bb. Il a \u00e9t\u00e9 acquis apr\u00e8s une recherche approfondie du march\u00e9 de l&rsquo;\u00eele. Ses principaux avantages sont :<\/p>\n<p><a href=\"https:\/\/www.alkyonvillas-folegandros.gr\/images\/location1la.jpg\" rel=\"lytebox\"><img loading=\"lazy\" decoding=\"async\" class=\"size-medium wp-image-543 alignleft\" src=\"https:\/\/alkyonvillas-folegandros.gr\/wp-content\/uploads\/2018\/03\/location1-300x200.jpeg\" alt=\"\" width=\"300\" height=\"200\" srcset=\"https:\/\/alkyonvillas-folegandros.gr\/wp-content\/uploads\/2018\/03\/location1-300x200.jpeg 300w, https:\/\/alkyonvillas-folegandros.gr\/wp-content\/uploads\/2018\/03\/location1-768x512.jpeg 768w, https:\/\/alkyonvillas-folegandros.gr\/wp-content\/uploads\/2018\/03\/location1.jpeg 900w\" sizes=\"auto, (max-width: 300px) 100vw, 300px\" \/><\/a><\/p>\n<ul>\n<li><strong>La proximit\u00e9<\/strong>. Il est situ\u00e9 \u00e0 10 minutes \u00e0 pied du centre de Hora.<\/li>\n<li><strong>L&rsquo;acc\u00e8s facile<\/strong>. Il est facilement accessible en voiture, tout pr\u00e8s de la route principale de l&rsquo;\u00eele et de l&rsquo;arr\u00eat de bus et entour\u00e9 des vieux sentiers de l&rsquo;\u00eele.<\/li>\n<\/ul>\n<p>&nbsp;<\/p>\n<p>&nbsp;<\/p>\n<p>&nbsp;<\/p>\n<p>&nbsp;<\/p>\n<p>&nbsp;<\/p>\n<p><a href=\"https:\/\/www.alkyonvillas-folegandros.gr\/images\/location3la.jpg\" rel=\"lytebox\"><img loading=\"lazy\" decoding=\"async\" class=\"size-medium wp-image-544 alignleft\" src=\"https:\/\/alkyonvillas-folegandros.gr\/wp-content\/uploads\/2018\/03\/location2-300x200.jpeg\" alt=\"\" width=\"300\" height=\"200\" srcset=\"https:\/\/alkyonvillas-folegandros.gr\/wp-content\/uploads\/2018\/03\/location2-300x200.jpeg 300w, https:\/\/alkyonvillas-folegandros.gr\/wp-content\/uploads\/2018\/03\/location2-768x512.jpeg 768w, https:\/\/alkyonvillas-folegandros.gr\/wp-content\/uploads\/2018\/03\/location2.jpeg 900w\" sizes=\"auto, (max-width: 300px) 100vw, 300px\" \/><\/a><\/p>\n<ul>\n<li><strong>La vue.<\/strong> Le site offre une vue imprenable sur le pittoresque village de Hora, la c\u00e9l\u00e8bre \u00e9glise de Panagia , la mer \u00c9g\u00e9e sans oublier les \u00eeles de Paros, Antiparos, Naxos et Sikinos.<\/li>\n<li><strong>Le relief.<\/strong> Le d\u00e9nivel\u00e9 du terrain nous a permis de construire les maisons sur diff\u00e9rents niveaux afin de pr\u00e9server leur ind\u00e9pendance.<\/li>\n<\/ul>\n<p>&nbsp;<\/p>\n<p>&nbsp;<\/p>\n<p>&nbsp;<\/p>\n<p>&nbsp;<\/p>\n<p><a href=\"https:\/\/alkyonvillas-folegandros.gr\/fr\/photo-gallery\/?album=547\">&#8230;Plus de photos<\/a><\/p>","protected":false},"excerpt":{"rendered":"<p>Le site b\u00e9n\u00e9ficie d&rsquo;une position privil\u00e9gi\u00e9e \u00e0 flanc de colline \u00e0 l&rsquo;oppos\u00e9 de Hora dans la r\u00e9gion appel\u00e9e \u00ab\u00a0Thimonies\u00a0\u00bb. Il a \u00e9t\u00e9 acquis apr\u00e8s une recherche approfondie du march\u00e9 de<\/p>\n","protected":false},"author":1,"featured_media":0,"parent":0,"menu_order":0,"comment_status":"closed","ping_status":"closed","template":"","meta":{"footnotes":""},"class_list":["post-537","page","type-page","status-publish","hentry"],"_links":{"self":[{"href":"https:\/\/alkyonvillas-folegandros.gr\/fr\/wp-json\/wp\/v2\/pages\/537","targetHints":{"allow":["GET"]}}],"collection":[{"href":"https:\/\/alkyonvillas-folegandros.gr\/fr\/wp-json\/wp\/v2\/pages"}],"about":[{"href":"https:\/\/alkyonvillas-folegandros.gr\/fr\/wp-json\/wp\/v2\/types\/page"}],"author":[{"embeddable":true,"href":"https:\/\/alkyonvillas-folegandros.gr\/fr\/wp-json\/wp\/v2\/users\/1"}],"replies":[{"embeddable":true,"href":"https:\/\/alkyonvillas-folegandros.gr\/fr\/wp-json\/wp\/v2\/comments?post=537"}],"version-history":[{"count":20,"href":"https:\/\/alkyonvillas-folegandros.gr\/fr\/wp-json\/wp\/v2\/pages\/537\/revisions"}],"predecessor-version":[{"id":566,"href":"https:\/\/alkyonvillas-folegandros.gr\/fr\/wp-json\/wp\/v2\/pages\/537\/revisions\/566"}],"wp:attachment":[{"href":"https:\/\/alkyonvillas-folegandros.gr\/fr\/wp-json\/wp\/v2\/media?parent=537"}],"curies":[{"name":"wp","href":"https:\/\/api.w.org\/{rel}","templated":true}]}}