{"id":608,"date":"2018-03-05T15:57:15","date_gmt":"2018-03-05T15:57:15","guid":{"rendered":"https:\/\/alkyonvillas-folegandros.gr\/?page_id=608"},"modified":"2019-07-16T16:52:00","modified_gmt":"2019-07-16T16:52:00","slug":"contact-us","status":"publish","type":"page","link":"https:\/\/alkyonvillas-folegandros.gr\/fr\/contact-us\/","title":{"rendered":"Contactez-nous"},"content":{"rendered":"<p>N&rsquo;h\u00e9sitez pas \u00e0 nous contacter pour plus d&rsquo;informations et d\u00e9tails sur le projet ou prendre un rendez-vous \u00e0 Folegandros.<\/p>\n<p><strong>Adresse du site:<\/strong><br \/>\nThimonies, Folegandros Hora, 84011, Cyclades Gr\u00e8ce<\/p>\n<p><strong>Adresse du si\u00e8ge:<\/strong><br \/>\nIrodotou 1, 55133, Thessaloniki Gr\u00e8ce<br \/>\nIroon Polytechneiou 157, Ath\u00e8nes Gr\u00e8ce<\/p>\n\n<div class=\"wpcf7 no-js\" id=\"wpcf7-f613-o4\" lang=\"en-US\" dir=\"ltr\" data-wpcf7-id=\"613\">\n<div class=\"screen-reader-response\"><p role=\"status\" aria-live=\"polite\" aria-atomic=\"true\"><\/p> <ul><\/ul><\/div>\n<form action=\"\/fr\/wp-json\/wp\/v2\/pages\/608#wpcf7-f613-o4\" method=\"post\" class=\"wpcf7-form init\" aria-label=\"Contact form\" novalidate=\"novalidate\" data-status=\"init\">\n<fieldset class=\"hidden-fields-container\"><input type=\"hidden\" name=\"_wpcf7\" value=\"613\" \/><input type=\"hidden\" name=\"_wpcf7_version\" value=\"6.1.5\" \/><input type=\"hidden\" name=\"_wpcf7_locale\" value=\"en_US\" \/><input type=\"hidden\" name=\"_wpcf7_unit_tag\" value=\"wpcf7-f613-o4\" \/><input type=\"hidden\" name=\"_wpcf7_container_post\" value=\"0\" \/><input type=\"hidden\" name=\"_wpcf7_posted_data_hash\" value=\"\" \/><input type=\"hidden\" name=\"_wpcf7_recaptcha_response\" value=\"\" \/>\n<\/fieldset>\n<p><label> Nom (obligatoires)<br \/>\n<span class=\"wpcf7-form-control-wrap\" data-name=\"text-598\"><input size=\"40\" maxlength=\"400\" class=\"wpcf7-form-control wpcf7-text wpcf7-validates-as-required\" aria-required=\"true\" aria-invalid=\"false\" value=\"\" type=\"text\" name=\"text-598\" \/><\/span><\/label>\n<\/p>\n<p><label>Adresse<br \/>\n<span class=\"wpcf7-form-control-wrap\" data-name=\"text-615\"><input size=\"40\" maxlength=\"400\" class=\"wpcf7-form-control wpcf7-text\" aria-invalid=\"false\" value=\"\" type=\"text\" name=\"text-615\" \/><\/span><\/label>\n<\/p>\n<p><label> T\u00e9l\u00e9phone<br \/>\n<span class=\"wpcf7-form-control-wrap\" data-name=\"text-916\"><input size=\"40\" maxlength=\"400\" class=\"wpcf7-form-control wpcf7-text\" aria-invalid=\"false\" value=\"\" type=\"text\" name=\"text-916\" \/><\/span><\/label>\n<\/p>\n<p><label> Portable<br \/>\n<span class=\"wpcf7-form-control-wrap\" data-name=\"text-433\"><input size=\"40\" maxlength=\"400\" class=\"wpcf7-form-control wpcf7-text\" aria-invalid=\"false\" value=\"\" type=\"text\" name=\"text-433\" \/><\/span><\/label>\n<\/p>\n<p><label> L\u2019 adresse e-mail * (obligatoires)<br \/>\n<span class=\"wpcf7-form-control-wrap\" data-name=\"email-824\"><input size=\"40\" maxlength=\"400\" class=\"wpcf7-form-control wpcf7-email wpcf7-validates-as-required wpcf7-text wpcf7-validates-as-email\" aria-required=\"true\" aria-invalid=\"false\" value=\"\" type=\"email\" name=\"email-824\" \/><\/span><\/label>\n<\/p>\n<p><label> Questions-commentaires (obligatoires)<br \/>\n<span class=\"wpcf7-form-control-wrap\" data-name=\"textarea-564\"><textarea cols=\"40\" rows=\"10\" maxlength=\"2000\" class=\"wpcf7-form-control wpcf7-textarea wpcf7-validates-as-required\" aria-required=\"true\" aria-invalid=\"false\" name=\"textarea-564\"><\/textarea><\/span><\/label>\n<\/p>\n<p style=\"text-align: center;\"> <div id=\"cf7sr-69df00f0e07b9\" class=\"cf7sr-g-recaptcha\" data-theme=\"light\" data-type=\"image\" data-size=\"normal\" data-sitekey=\"6Ld342MUAAAAAIjl0sYN8tJVXBt5-9YJJqC5odwZ\"><\/div><span class=\"wpcf7-form-control-wrap cf7sr-recaptcha\" data-name=\"cf7sr-recaptcha\"><input type=\"hidden\" name=\"cf7sr-recaptcha\" value=\"\" class=\"wpcf7-form-control\"><\/span>\n<\/p>\n<p><input class=\"wpcf7-form-control wpcf7-submit has-spinner\" type=\"submit\" value=\"Send\" \/>\n<\/p><div class=\"wpcf7-response-output\" aria-hidden=\"true\"><\/div>\n<\/form>\n<\/div>\n\n<p>En soumettant ce formulaire, vous acceptez notre <a href=\"https:\/\/alkyonvillas-folegandros.gr\/privacy-policy\/\"><strong>politique de confidentialit\u00e9<\/strong>.<\/a> <\/p>","protected":false},"excerpt":{"rendered":"<p>N&rsquo;h\u00e9sitez pas \u00e0 nous contacter pour plus d&rsquo;informations et d\u00e9tails sur le projet ou prendre un rendez-vous \u00e0 Folegandros. Adresse du site: Thimonies, Folegandros Hora, 84011, Cyclades Gr\u00e8ce Adresse du<\/p>\n","protected":false},"author":1,"featured_media":0,"parent":0,"menu_order":0,"comment_status":"closed","ping_status":"closed","template":"","meta":{"footnotes":""},"class_list":["post-608","page","type-page","status-publish","hentry"],"_links":{"self":[{"href":"https:\/\/alkyonvillas-folegandros.gr\/fr\/wp-json\/wp\/v2\/pages\/608","targetHints":{"allow":["GET"]}}],"collection":[{"href":"https:\/\/alkyonvillas-folegandros.gr\/fr\/wp-json\/wp\/v2\/pages"}],"about":[{"href":"https:\/\/alkyonvillas-folegandros.gr\/fr\/wp-json\/wp\/v2\/types\/page"}],"author":[{"embeddable":true,"href":"https:\/\/alkyonvillas-folegandros.gr\/fr\/wp-json\/wp\/v2\/users\/1"}],"replies":[{"embeddable":true,"href":"https:\/\/alkyonvillas-folegandros.gr\/fr\/wp-json\/wp\/v2\/comments?post=608"}],"version-history":[{"count":16,"href":"https:\/\/alkyonvillas-folegandros.gr\/fr\/wp-json\/wp\/v2\/pages\/608\/revisions"}],"predecessor-version":[{"id":845,"href":"https:\/\/alkyonvillas-folegandros.gr\/fr\/wp-json\/wp\/v2\/pages\/608\/revisions\/845"}],"wp:attachment":[{"href":"https:\/\/alkyonvillas-folegandros.gr\/fr\/wp-json\/wp\/v2\/media?parent=608"}],"curies":[{"name":"wp","href":"https:\/\/api.w.org\/{rel}","templated":true}]}}