{"id":631,"date":"2018-03-06T08:09:00","date_gmt":"2018-03-06T08:09:00","guid":{"rendered":"https:\/\/alkyonvillas-folegandros.gr\/?page_id=631"},"modified":"2019-07-16T16:54:22","modified_gmt":"2019-07-16T16:54:22","slug":"the-company","status":"publish","type":"page","link":"https:\/\/alkyonvillas-folegandros.gr\/fr\/the-company\/","title":{"rendered":"L\u2019 Entreprise"},"content":{"rendered":"<p>Le projet Alkyon Villas est le fruit de la collaboration d&rsquo; une \u00e9quipe d&rsquo; ing\u00e9nieurs et d&rsquo; architectes (Elias Stavridis -ing\u00e9nieur civil, Nikos Oikonomou -architecte, Lydia Lake Stavridou -architecte, Clara Stavridou -ing\u00e9nieur civil, Dimitris Aggelou -ing\u00e9nieur civil et Christos Panagis -ing\u00e9nieur civil) d&rsquo;Ath\u00e8nes et de Thessalonique men\u00e9e par Elias Stavridis, ing\u00e9nieur civil.<\/p>\n<p>Elias a dirig\u00e9 l\u2019 entreprise de construction familiale \u00e0 Thessalonique pendant plusieurs ann\u00e9es et a men\u00e9 \u00e0 bien divers projets en Gr\u00e8ce.<\/p>\n<p>Le champ d&rsquo;expertise de l\u2019 entreprise couvre un large nombre de services du secteur de l&rsquo;immobilier, de la conception architecturale \u00e0 la gestion de la construction et aux transactions immobili\u00e8res.<\/p>\n<p>Notre exp\u00e9rience, qui couvre plusieurs aspects du d\u00e9veloppement immobilier (conception, mise en \u0153uvre, construction, suivi, ventes) nous a donn\u00e9 les outils pour g\u00e9rer avec succ\u00e8s aussi bien les probl\u00e8mes importants que les d\u00e9tails mineurs d&rsquo;un projet.<\/p>\n<p>Notre souhait \u00e9tait d&rsquo;utiliser ces comp\u00e9tences sur le march\u00e9 des maisons de vacances. Nous avons choisi Folegandros apr\u00e8s une recherche approfondie sur le march\u00e9 immobilier de la mer \u00c9g\u00e9e et surtout car nous y avons trouv\u00e9 l&rsquo;environnement parfait pour r\u00e9aliser notre r\u00eave : allier architecture durable et techniques de construction locales afin de cr\u00e9er des maisons de vacances modernes.<\/p>\n<p><strong>Venez nous rendre visite \u00e0 Folegandros !<\/strong><\/p>\n<p>Adresse du site:<br \/>\nThimonies, Folegandros Hora, 84011, Cyclades Gr\u00e8ce<\/p>\n<p>Adresse du si\u00e8ge:<br \/>\nIrodotou 1, 55133, Thessaloniki Gr\u00e8ce<br \/>\nSporadon 2, 15231, Ath\u00e8nes Gr\u00e8ce<\/p>\n<p>Email:<br \/>\ninfo@alkyonvillas-folegandros.gr<br \/>\nhsstavridis@gmail.com<\/p>\n<p>Tel :<br \/>\n+ (30) 6936678598, +(30)2310436122 , + (30) 2106713756<\/p>\n<p>Fax :<br \/>\n+(30)2310445033, + (30) 2106713756<\/p>","protected":false},"excerpt":{"rendered":"<p>Le projet Alkyon Villas est le fruit de la collaboration d&rsquo; une \u00e9quipe d&rsquo; ing\u00e9nieurs et d&rsquo; architectes (Elias Stavridis -ing\u00e9nieur civil, Nikos Oikonomou -architecte, Lydia Lake Stavridou -architecte, Clara<\/p>\n","protected":false},"author":1,"featured_media":0,"parent":0,"menu_order":0,"comment_status":"closed","ping_status":"closed","template":"","meta":{"footnotes":""},"class_list":["post-631","page","type-page","status-publish","hentry"],"_links":{"self":[{"href":"https:\/\/alkyonvillas-folegandros.gr\/fr\/wp-json\/wp\/v2\/pages\/631","targetHints":{"allow":["GET"]}}],"collection":[{"href":"https:\/\/alkyonvillas-folegandros.gr\/fr\/wp-json\/wp\/v2\/pages"}],"about":[{"href":"https:\/\/alkyonvillas-folegandros.gr\/fr\/wp-json\/wp\/v2\/types\/page"}],"author":[{"embeddable":true,"href":"https:\/\/alkyonvillas-folegandros.gr\/fr\/wp-json\/wp\/v2\/users\/1"}],"replies":[{"embeddable":true,"href":"https:\/\/alkyonvillas-folegandros.gr\/fr\/wp-json\/wp\/v2\/comments?post=631"}],"version-history":[{"count":8,"href":"https:\/\/alkyonvillas-folegandros.gr\/fr\/wp-json\/wp\/v2\/pages\/631\/revisions"}],"predecessor-version":[{"id":847,"href":"https:\/\/alkyonvillas-folegandros.gr\/fr\/wp-json\/wp\/v2\/pages\/631\/revisions\/847"}],"wp:attachment":[{"href":"https:\/\/alkyonvillas-folegandros.gr\/fr\/wp-json\/wp\/v2\/media?parent=631"}],"curies":[{"name":"wp","href":"https:\/\/api.w.org\/{rel}","templated":true}]}}