{"id":642,"date":"2018-03-07T06:20:28","date_gmt":"2018-03-07T06:20:28","guid":{"rendered":"https:\/\/alkyonvillas-folegandros.gr\/?page_id=642"},"modified":"2018-03-11T18:38:20","modified_gmt":"2018-03-11T18:38:20","slug":"the-design","status":"publish","type":"page","link":"https:\/\/alkyonvillas-folegandros.gr\/fr\/the-design\/","title":{"rendered":"Le Design"},"content":{"rendered":"<p><a href=\"https:\/\/www.alkyonvillas-folegandros.gr\/images\/design1la.jpg\" rel=\"lytebox\"><img loading=\"lazy\" decoding=\"async\" class=\"size-medium wp-image-694 alignleft\" src=\"https:\/\/alkyonvillas-folegandros.gr\/wp-content\/uploads\/2018\/03\/design1-300x162.jpeg\" alt=\"\" width=\"300\" height=\"162\" srcset=\"https:\/\/alkyonvillas-folegandros.gr\/wp-content\/uploads\/2018\/03\/design1-300x162.jpeg 300w, https:\/\/alkyonvillas-folegandros.gr\/wp-content\/uploads\/2018\/03\/design1-768x416.jpeg 768w, https:\/\/alkyonvillas-folegandros.gr\/wp-content\/uploads\/2018\/03\/design1.jpeg 900w\" sizes=\"auto, (max-width: 300px) 100vw, 300px\" \/><\/a>Le design des maisons est le r\u00e9sultat de la collaboration d&rsquo;architectes et d&rsquo;ing\u00e9nieurs civils bien connus d&rsquo;Ath\u00e8nes et de Thessalonique, et plus sp\u00e9cifiquement d\u2019 Elias Stavridis (ing\u00e9nieur civil), Nikos Oikonomou (architecte), Lydia Lake Stavridou (architecte), Clara Stavridou (ing\u00e9nieur civil), Dimitris Aggelou (ing\u00e9nieur civil) et Christos Panagis (ing\u00e9nieur civil), qui ont \u00e9labor\u00e9 les plans apr\u00e8s avoir pass\u00e9 un temps consid\u00e9rable sur l&rsquo;\u00eele en visitant le site pendant une ann\u00e9e enti\u00e8re, sur une base quotidienne. Ainsi, selon les principes de l&rsquo;architecture durable, le climat local et les conditions du microclimat, l&rsquo;orientation, les vues, la trajectoire du soleil pendant la journ\u00e9e et le vent ont \u00e9t\u00e9 des facteurs bien pens\u00e9s et \u00e9tudi\u00e9s avant le r\u00e9sultat final.<\/p>\n<hr \/>\n<p><a href=\"https:\/\/www.alkyonvillas-folegandros.gr\/images\/design2la.jpg\" rel=\"lytebox\"><img loading=\"lazy\" decoding=\"async\" class=\"size-medium wp-image-697 alignleft\" src=\"https:\/\/alkyonvillas-folegandros.gr\/wp-content\/uploads\/2018\/03\/design2-300x180.jpeg\" alt=\"\" width=\"300\" height=\"180\" srcset=\"https:\/\/alkyonvillas-folegandros.gr\/wp-content\/uploads\/2018\/03\/design2-300x180.jpeg 300w, https:\/\/alkyonvillas-folegandros.gr\/wp-content\/uploads\/2018\/03\/design2-768x461.jpeg 768w, https:\/\/alkyonvillas-folegandros.gr\/wp-content\/uploads\/2018\/03\/design2.jpeg 900w\" sizes=\"auto, (max-width: 300px) 100vw, 300px\" \/><\/a>Tirant profit du caract\u00e8re unique du paysage de Folegandros tout en rendant hommage \u00e0 l&rsquo;architecture locale, les maisons sont construites en pierres \u00e9g\u00e9ennes selon le mode traditionnel respectant le paysage, utilisant ses mat\u00e9riaux et int\u00e9grant les conditions sur place \u00e0 la fonction de la vie quotidienne. Tout ceci en pr\u00e9servant le confort et les commodit\u00e9s d&rsquo;une maison de vacances moderne.<\/p>\n<p>&nbsp;<\/p>\n<p>&nbsp;<\/p>\n<p>&nbsp;<\/p>\n<hr \/>\n<p><a href=\"https:\/\/www.alkyonvillas-folegandros.gr\/images\/design3la.jpg\" rel=\"lytebox\"><img loading=\"lazy\" decoding=\"async\" class=\"size-medium wp-image-700 alignleft\" src=\"https:\/\/alkyonvillas-folegandros.gr\/wp-content\/uploads\/2018\/03\/design3-300x162.jpeg\" alt=\"\" width=\"300\" height=\"162\" srcset=\"https:\/\/alkyonvillas-folegandros.gr\/wp-content\/uploads\/2018\/03\/design3-300x162.jpeg 300w, https:\/\/alkyonvillas-folegandros.gr\/wp-content\/uploads\/2018\/03\/design3-768x416.jpeg 768w, https:\/\/alkyonvillas-folegandros.gr\/wp-content\/uploads\/2018\/03\/design3.jpeg 900w\" sizes=\"auto, (max-width: 300px) 100vw, 300px\" \/><\/a>De plus, l&rsquo;utilisation de la pierre locale, un mat\u00e9riau connu pour sa masse thermique importante, permet d&rsquo;assurer que, m\u00eame si la temp\u00e9rature ext\u00e9rieure fluctue durant la journ\u00e9e, la temp\u00e9rature \u00e0 l&rsquo;int\u00e9rieur de la maison sera stable car la masse thermique absorbera l&rsquo;\u00e9nergie thermique lorsque la temp\u00e9rature ext\u00e9rieure sera plus \u00e9lev\u00e9e, et rendra l&rsquo;\u00e9nergie thermique lorsque la temp\u00e9rature ext\u00e9rieure sera plus fra\u00eeche. De cette fa\u00e7on, nous pr\u00e9servons un confort thermique optimal en limitant l&rsquo;utilisation des syst\u00e8mes de chauffage ou de climatisation.<\/p>\n<p>&nbsp;<\/p>\n<p>&nbsp;<\/p>\n<hr \/>\n<p>Egalement, d&rsquo;autres points comme la consommation d&rsquo;eau, l&rsquo;isolation thermique, la protection contre l&rsquo;humidit\u00e9, et l&rsquo;\u00e9nergie solaire ont \u00e9t\u00e9 pris en compte afin d&rsquo;offrir des conditions de vie modernes dans une maison de vacances habitable tout au long de l&rsquo;ann\u00e9e.<\/p>\n<p><a href=\"https:\/\/alkyonvillas-folegandros.gr\/fr\/photo-gallery\/?album=665\">&#8230;Plus de photos<\/a><\/p>","protected":false},"excerpt":{"rendered":"<p>Le design des maisons est le r\u00e9sultat de la collaboration d&rsquo;architectes et d&rsquo;ing\u00e9nieurs civils bien connus d&rsquo;Ath\u00e8nes et de Thessalonique, et plus sp\u00e9cifiquement d\u2019 Elias Stavridis (ing\u00e9nieur civil), Nikos Oikonomou<\/p>\n","protected":false},"author":1,"featured_media":0,"parent":0,"menu_order":0,"comment_status":"closed","ping_status":"closed","template":"","meta":{"footnotes":""},"class_list":["post-642","page","type-page","status-publish","hentry"],"_links":{"self":[{"href":"https:\/\/alkyonvillas-folegandros.gr\/fr\/wp-json\/wp\/v2\/pages\/642","targetHints":{"allow":["GET"]}}],"collection":[{"href":"https:\/\/alkyonvillas-folegandros.gr\/fr\/wp-json\/wp\/v2\/pages"}],"about":[{"href":"https:\/\/alkyonvillas-folegandros.gr\/fr\/wp-json\/wp\/v2\/types\/page"}],"author":[{"embeddable":true,"href":"https:\/\/alkyonvillas-folegandros.gr\/fr\/wp-json\/wp\/v2\/users\/1"}],"replies":[{"embeddable":true,"href":"https:\/\/alkyonvillas-folegandros.gr\/fr\/wp-json\/wp\/v2\/comments?post=642"}],"version-history":[{"count":18,"href":"https:\/\/alkyonvillas-folegandros.gr\/fr\/wp-json\/wp\/v2\/pages\/642\/revisions"}],"predecessor-version":[{"id":774,"href":"https:\/\/alkyonvillas-folegandros.gr\/fr\/wp-json\/wp\/v2\/pages\/642\/revisions\/774"}],"wp:attachment":[{"href":"https:\/\/alkyonvillas-folegandros.gr\/fr\/wp-json\/wp\/v2\/media?parent=642"}],"curies":[{"name":"wp","href":"https:\/\/api.w.org\/{rel}","templated":true}]}}