{"id":645,"date":"2018-03-07T06:43:53","date_gmt":"2018-03-07T06:43:53","guid":{"rendered":"https:\/\/alkyonvillas-folegandros.gr\/?page_id=645"},"modified":"2018-03-07T06:48:56","modified_gmt":"2018-03-07T06:48:56","slug":"construction-specifications","status":"publish","type":"page","link":"https:\/\/alkyonvillas-folegandros.gr\/fr\/construction-specifications\/","title":{"rendered":"Specifications Techniques"},"content":{"rendered":"<p>Voici quelques caract\u00e9ristiques des techniques de construction et des mat\u00e9riaux utilis\u00e9s.<\/p>\n<ul>\n<li>Murs de pierre de 50-60cm d&rsquo;\u00e9paisseur<\/li>\n<li>Structure portante de b\u00e9ton arm\u00e9e selon les derni\u00e8res r\u00e9glementations antisismiques<\/li>\n<li>Canap\u00e9s encastr\u00e9s<\/li>\n<li>Portes et fen\u00eatres en bois<\/li>\n<li>Double vitrage isolant avec contr\u00f4le solaire<\/li>\n<li>Verrouillage de s\u00e9curit\u00e9<\/li>\n<li>Plafond en bois lin\u00e9aire<\/li>\n<li>Sols en b\u00e9ton cir\u00e9<\/li>\n<li>Salles de bains et plan de travail des cuisines en b\u00e9ton cir\u00e9<\/li>\n<li>Couleurs et rev\u00eatement \u00e9cologiques<\/li>\n<li>Isolation thermique et protection contre l&rsquo;humidit\u00e9<\/li>\n<li>Toit en terrace v\u00e9g\u00e9talis\u00e9e<\/li>\n<li>Eau chaude par panneaux solaires<\/li>\n<li>Chauffage au bois<\/li>\n<li>R\u00e9cup\u00e9rateur d&rsquo;eau<\/li>\n<li>Installation \u00e9lectrique compl\u00e8te<\/li>\n<li>Wi-Fi (c\u00e0blage)<\/li>\n<li>Antenne satellite<\/li>\n<li>Lumi\u00e8res int\u00e9rieures et ext\u00e9rieures<\/li>\n<li>\u00c9quipement int\u00e9rieur (toutes installations comprises)<\/li>\n<li>Sanitaires<\/li>\n<li>Cuisin\u00e9 \u00e9quip\u00e9e<\/li>\n<li>Placards<\/li>\n<li>Jardins (flore locale)<\/li>\n<\/ul>\n<p><\/p>","protected":false},"excerpt":{"rendered":"<p>Voici quelques caract\u00e9ristiques des techniques de construction et des mat\u00e9riaux utilis\u00e9s. Murs de pierre de 50-60cm d&rsquo;\u00e9paisseur Structure portante de b\u00e9ton arm\u00e9e selon les derni\u00e8res r\u00e9glementations antisismiques Canap\u00e9s encastr\u00e9s Portes<\/p>\n","protected":false},"author":1,"featured_media":0,"parent":0,"menu_order":0,"comment_status":"closed","ping_status":"closed","template":"","meta":{"footnotes":""},"class_list":["post-645","page","type-page","status-publish","hentry"],"_links":{"self":[{"href":"https:\/\/alkyonvillas-folegandros.gr\/fr\/wp-json\/wp\/v2\/pages\/645","targetHints":{"allow":["GET"]}}],"collection":[{"href":"https:\/\/alkyonvillas-folegandros.gr\/fr\/wp-json\/wp\/v2\/pages"}],"about":[{"href":"https:\/\/alkyonvillas-folegandros.gr\/fr\/wp-json\/wp\/v2\/types\/page"}],"author":[{"embeddable":true,"href":"https:\/\/alkyonvillas-folegandros.gr\/fr\/wp-json\/wp\/v2\/users\/1"}],"replies":[{"embeddable":true,"href":"https:\/\/alkyonvillas-folegandros.gr\/fr\/wp-json\/wp\/v2\/comments?post=645"}],"version-history":[{"count":6,"href":"https:\/\/alkyonvillas-folegandros.gr\/fr\/wp-json\/wp\/v2\/pages\/645\/revisions"}],"predecessor-version":[{"id":652,"href":"https:\/\/alkyonvillas-folegandros.gr\/fr\/wp-json\/wp\/v2\/pages\/645\/revisions\/652"}],"wp:attachment":[{"href":"https:\/\/alkyonvillas-folegandros.gr\/fr\/wp-json\/wp\/v2\/media?parent=645"}],"curies":[{"name":"wp","href":"https:\/\/api.w.org\/{rel}","templated":true}]}}