{"id":653,"date":"2018-03-07T07:06:22","date_gmt":"2018-03-07T07:06:22","guid":{"rendered":"https:\/\/alkyonvillas-folegandros.gr\/?page_id=653"},"modified":"2018-03-08T11:14:36","modified_gmt":"2018-03-08T11:14:36","slug":"why-folegandros","status":"publish","type":"page","link":"https:\/\/alkyonvillas-folegandros.gr\/fr\/why-folegandros\/","title":{"rendered":"Pourquoi Folegandros"},"content":{"rendered":"<p><a href=\"https:\/\/www.alkyonvillas-folegandros.gr\/images\/whyfolegandros1-1la.jpg\" rel=\"lytebox\"><img loading=\"lazy\" decoding=\"async\" class=\"size-medium wp-image-687 alignleft\" src=\"https:\/\/alkyonvillas-folegandros.gr\/wp-content\/uploads\/2018\/03\/22-300x200.jpeg\" alt=\"\" width=\"300\" height=\"200\" srcset=\"https:\/\/alkyonvillas-folegandros.gr\/wp-content\/uploads\/2018\/03\/22-300x200.jpeg 300w, https:\/\/alkyonvillas-folegandros.gr\/wp-content\/uploads\/2018\/03\/22-768x511.jpeg 768w, https:\/\/alkyonvillas-folegandros.gr\/wp-content\/uploads\/2018\/03\/22.jpeg 900w\" sizes=\"auto, (max-width: 300px) 100vw, 300px\" \/><\/a>Folegandros est une petite \u00eele des Cyclades, proche de Santorin. Son caract\u00e8re unique a su rester intact au fil du temps. Par chance, l&rsquo;av\u00e8nement du tourisme n&rsquo;a pas alt\u00e9r\u00e9 les paysages, ce que l&rsquo;on remarque instantan\u00e9ment d\u00e8s la premi\u00e8re visite a l\u2019 &lsquo;\u00eele.<\/p>\n<p>&nbsp;<\/p>\n<p>&nbsp;<\/p>\n<p>&nbsp;<\/p>\n<p>&nbsp;<\/p>\n<hr \/>\n<p><a href=\"https:\/\/www.alkyonvillas-folegandros.gr\/images\/whyfolegandros2-2la.jpg\" rel=\"lytebox\"><img loading=\"lazy\" decoding=\"async\" class=\"size-medium wp-image-692 alignleft\" src=\"https:\/\/alkyonvillas-folegandros.gr\/wp-content\/uploads\/2018\/03\/27-300x225.jpeg\" alt=\"\" width=\"300\" height=\"225\" srcset=\"https:\/\/alkyonvillas-folegandros.gr\/wp-content\/uploads\/2018\/03\/27-300x225.jpeg 300w, https:\/\/alkyonvillas-folegandros.gr\/wp-content\/uploads\/2018\/03\/27-768x576.jpeg 768w, https:\/\/alkyonvillas-folegandros.gr\/wp-content\/uploads\/2018\/03\/27-200x150.jpeg 200w, https:\/\/alkyonvillas-folegandros.gr\/wp-content\/uploads\/2018\/03\/27.jpeg 900w\" sizes=\"auto, (max-width: 300px) 100vw, 300px\" \/><\/a>La beaut\u00e9 de l\u2019\u00eele r\u00e9side dans le contraste entre le paysage rocheux inhospitalier et la s\u00e9r\u00e9nit\u00e9 de l\u2019horizon de la mer \u00c9g\u00e9e. Des ann\u00e9es de travail intense ont apprivois\u00e9 l&rsquo;adversit\u00e9 de la nature et transform\u00e9 l&rsquo;\u00eele en une destination accueillante.<\/p>\n<p>&nbsp;<\/p>\n<p>&nbsp;<\/p>\n<p>&nbsp;<\/p>\n<p>&nbsp;<\/p>\n<p>&nbsp;<\/p>\n<hr \/>\n<p><a href=\"https:\/\/www.alkyonvillas-folegandros.gr\/images\/whyfolegandros3-3la.jpg\" rel=\"lytebox\"><img loading=\"lazy\" decoding=\"async\" class=\"size-medium wp-image-689 alignleft\" src=\"https:\/\/alkyonvillas-folegandros.gr\/wp-content\/uploads\/2018\/03\/24-300x225.jpeg\" alt=\"\" width=\"300\" height=\"225\" srcset=\"https:\/\/alkyonvillas-folegandros.gr\/wp-content\/uploads\/2018\/03\/24-300x225.jpeg 300w, https:\/\/alkyonvillas-folegandros.gr\/wp-content\/uploads\/2018\/03\/24-768x576.jpeg 768w, https:\/\/alkyonvillas-folegandros.gr\/wp-content\/uploads\/2018\/03\/24-200x150.jpeg 200w, https:\/\/alkyonvillas-folegandros.gr\/wp-content\/uploads\/2018\/03\/24.jpeg 900w\" sizes=\"auto, (max-width: 300px) 100vw, 300px\" \/><\/a>Les habitants de Folegandros semblent avoir un profond respect pour la nature et leur solennit\u00e9 se refl\u00e8te dans l\u2019environnent construit de l&rsquo;\u00eele. La forme et les volumes ordonn\u00e9s des maisons s&rsquo;accordent au paysage; pas d&rsquo;exc\u00e8s, tout est en ordre. Mais le r\u00e9sultat n&rsquo;est pas monotone pour autant. L&rsquo;aust\u00e9rit\u00e9 apparente est rompue par les couleurs vives utilis\u00e9es sur les surfaces en bois et \u00e9gay\u00e9e par les bougainvilliers rouges.<\/p>\n<p>&nbsp;<\/p>\n<p>&nbsp;<\/p>\n<p>&nbsp;<\/p>\n<p>&nbsp;<\/p>\n<hr \/>\n<p>Nous avons trouv\u00e9 l&rsquo;atmosph\u00e8re et l&rsquo;\u00e9nergie de l&rsquo;\u00eele tr\u00e8s engageantes et c&rsquo;est la raison pour laquelle nous avons choisi Folegandros pour notre projet.<\/p>\n<p><a href=\"https:\/\/alkyonvillas-folegandros.gr\/fr\/photo-gallery\/?album=665\">&#8230;Plus de photos<\/a><\/p>","protected":false},"excerpt":{"rendered":"<p>Folegandros est une petite \u00eele des Cyclades, proche de Santorin. Son caract\u00e8re unique a su rester intact au fil du temps. Par chance, l&rsquo;av\u00e8nement du tourisme n&rsquo;a pas alt\u00e9r\u00e9 les<\/p>\n","protected":false},"author":1,"featured_media":0,"parent":0,"menu_order":0,"comment_status":"closed","ping_status":"closed","template":"","meta":{"footnotes":""},"class_list":["post-653","page","type-page","status-publish","hentry"],"_links":{"self":[{"href":"https:\/\/alkyonvillas-folegandros.gr\/fr\/wp-json\/wp\/v2\/pages\/653","targetHints":{"allow":["GET"]}}],"collection":[{"href":"https:\/\/alkyonvillas-folegandros.gr\/fr\/wp-json\/wp\/v2\/pages"}],"about":[{"href":"https:\/\/alkyonvillas-folegandros.gr\/fr\/wp-json\/wp\/v2\/types\/page"}],"author":[{"embeddable":true,"href":"https:\/\/alkyonvillas-folegandros.gr\/fr\/wp-json\/wp\/v2\/users\/1"}],"replies":[{"embeddable":true,"href":"https:\/\/alkyonvillas-folegandros.gr\/fr\/wp-json\/wp\/v2\/comments?post=653"}],"version-history":[{"count":14,"href":"https:\/\/alkyonvillas-folegandros.gr\/fr\/wp-json\/wp\/v2\/pages\/653\/revisions"}],"predecessor-version":[{"id":725,"href":"https:\/\/alkyonvillas-folegandros.gr\/fr\/wp-json\/wp\/v2\/pages\/653\/revisions\/725"}],"wp:attachment":[{"href":"https:\/\/alkyonvillas-folegandros.gr\/fr\/wp-json\/wp\/v2\/media?parent=653"}],"curies":[{"name":"wp","href":"https:\/\/api.w.org\/{rel}","templated":true}]}}