{"id":656,"date":"2018-03-07T07:07:43","date_gmt":"2018-03-07T07:07:43","guid":{"rendered":"https:\/\/alkyonvillas-folegandros.gr\/?page_id=656"},"modified":"2018-03-08T11:22:00","modified_gmt":"2018-03-08T11:22:00","slug":"access","status":"publish","type":"page","link":"https:\/\/alkyonvillas-folegandros.gr\/fr\/access\/","title":{"rendered":"L\u2019 Acc\u00e8s"},"content":{"rendered":"<p>Folegandros est accessible par la mer, gr\u00e2ce au port de Karavostasis. En cas d&rsquo;urgence, elle dispose \u00e9galement d&rsquo;un h\u00e9liport.<\/p>\n<p>Durant l&rsquo;\u00e9t\u00e9 un bateau rapide assure la liaison quotidienen du Pir\u00e9e \u00e0 Folegandros.<\/p>\n<p>On peut \u00e9galement rejoindre Folegandros via le port et l&rsquo;a\u00e9roport de Santorin.<\/p>\n<p><strong><span style=\"text-decoration: underline;\">Liens utiles<\/span><\/strong><\/p>\n<p><a href=\"http:\/\/www.aia.gr\" target=\"_blank\">www.aia.gr<\/a><\/p>\n<p><a href=\"http:\/\/www.bluestarferries.gr\" target=\"_blank\">www.bluestarferries.gr<\/a><\/p>\n<p><a href=\"http:\/\/www.zanteferries.gr\" target=\"_blank\">www.zanteferries.gr<\/a><\/p>\n<p><a href=\"http:\/\/www.seajets.gr\" target=\"_blank\">www.seajets.gr<\/a><\/p>\n<p><a href=\"http:\/\/www.openseas.gr\" target=\"_blank\">www.openseas.gr<\/a><\/p>\n<p><a href=\"http:\/\/www.santoriniairport.com\" target=\"_blank\">www.santoriniairport.com<\/a><\/p>\n<p><\/p>","protected":false},"excerpt":{"rendered":"<p>Folegandros est accessible par la mer, gr\u00e2ce au port de Karavostasis. En cas d&rsquo;urgence, elle dispose \u00e9galement d&rsquo;un h\u00e9liport. Durant l&rsquo;\u00e9t\u00e9 un bateau rapide assure la liaison quotidienen du Pir\u00e9e<\/p>\n","protected":false},"author":1,"featured_media":0,"parent":0,"menu_order":0,"comment_status":"closed","ping_status":"closed","template":"","meta":{"footnotes":""},"class_list":["post-656","page","type-page","status-publish","hentry"],"_links":{"self":[{"href":"https:\/\/alkyonvillas-folegandros.gr\/fr\/wp-json\/wp\/v2\/pages\/656","targetHints":{"allow":["GET"]}}],"collection":[{"href":"https:\/\/alkyonvillas-folegandros.gr\/fr\/wp-json\/wp\/v2\/pages"}],"about":[{"href":"https:\/\/alkyonvillas-folegandros.gr\/fr\/wp-json\/wp\/v2\/types\/page"}],"author":[{"embeddable":true,"href":"https:\/\/alkyonvillas-folegandros.gr\/fr\/wp-json\/wp\/v2\/users\/1"}],"replies":[{"embeddable":true,"href":"https:\/\/alkyonvillas-folegandros.gr\/fr\/wp-json\/wp\/v2\/comments?post=656"}],"version-history":[{"count":6,"href":"https:\/\/alkyonvillas-folegandros.gr\/fr\/wp-json\/wp\/v2\/pages\/656\/revisions"}],"predecessor-version":[{"id":730,"href":"https:\/\/alkyonvillas-folegandros.gr\/fr\/wp-json\/wp\/v2\/pages\/656\/revisions\/730"}],"wp:attachment":[{"href":"https:\/\/alkyonvillas-folegandros.gr\/fr\/wp-json\/wp\/v2\/media?parent=656"}],"curies":[{"name":"wp","href":"https:\/\/api.w.org\/{rel}","templated":true}]}}