{"id":659,"date":"2018-03-07T07:09:29","date_gmt":"2018-03-07T07:09:29","guid":{"rendered":"https:\/\/alkyonvillas-folegandros.gr\/?page_id=659"},"modified":"2022-11-03T11:30:54","modified_gmt":"2022-11-03T11:30:54","slug":"activities","status":"publish","type":"page","link":"https:\/\/alkyonvillas-folegandros.gr\/fr\/activities\/","title":{"rendered":"Les Activit\u00e9s"},"content":{"rendered":"<p><strong>Baignade<\/strong><\/p>\n<p>Les plages aux eaux cristallines de Folegandros sont r\u00e9parties en deux cat\u00e9gories:<\/p>\n<p>Celles au sud, toujours prot\u00e9g\u00e9es du vent et aux eaux calmes, et celles du nord, qui sont plus expos\u00e9es aux conditions m\u00e9t\u00e9orologiques mais qui valent le d\u00e9tour.<\/p>\n<p>Agkali, Agios Nikolaos, Agios Georgios, Katergo, Livadaki, Latinaki sont quelques-unes des plages les plus connues, parmi d&rsquo;autres.<\/p>\n<p><strong>Randonn\u00e9e<\/strong><\/p>\n<p>L&rsquo;\u00eele regorge de sentiers et de chemins de pierres qui constituaient les anciennes routes de l&rsquo;\u00eele, le long desquelles les habitants du cru menaient ou promenaient leurs animaux et transportaient leurs marchandises.<\/p>\n<p>Le moyen le plus agr\u00e9able de d\u00e9couvrir les paysages de Folegandros est la marche \u00e0 pied. Le visiteur peut explorer l&rsquo;extraordinaire beaut\u00e9 de l&rsquo;\u00eele, la faune et la flore, le long de sentiers bien entretenus. Certains d&rsquo;entre eux m\u00e8nent \u00e0 la mer, ce qui permet de combiner randonn\u00e9e et baignade.<\/p>\n<p><strong>Restauration et vie nocturne<\/strong><\/p>\n<p>Folegandros a une tradition culinaire importante et plusieurs plats de l&rsquo;\u00eele sont tr\u00e8s connus tels la matsata, les p\u00e2tes locales traditionnellement servies avec du coq.<\/p>\n<p>Sur l&rsquo;\u00eele, les restaurants proposent aussi bien une gastronomie europ\u00e9enne que traditionnelle, afin de satisfaire les go\u00fbts et pr\u00e9f\u00e9rences de chacun. \u00c0 la tomb\u00e9e de la nuit, les places de l&rsquo;\u00eele se remplissent de monde qui, ayant profit\u00e9 du magnifique coucher de soleil en sirotant un cocktail, se pr\u00e9pare \u00e0 d\u00eener. Les bars sont ouverts jusqu&rsquo;\u00e0 3 heures du matin. En g\u00e9n\u00e9ral, la vie nocturne \u00e0 Folegandros n&rsquo;est pas bruyante, mais pas pour autant ennuyeuse<\/p>\n<p>Les Alkyon Villas b\u00e9n\u00e9ficient d&rsquo;une situation permettant aux r\u00e9sidents de ne rien manquer de la vie de Folegandros<\/p>\n<p><strong><span style=\"text-decoration: underline;\">Liens utiles<\/span><\/strong><\/p>\n<p><a href=\"http:\/\/www.folegandros.gr\" target=\"_blank\" rel=\"noopener\">www.folegandros.gr<\/a><\/p>\n<p><a href=\"http:\/\/www.folegandros.com\" target=\"_blank\" rel=\"noopener\">www.folegandros.com<\/a><\/p>\n<p><\/p>","protected":false},"excerpt":{"rendered":"<p>Baignade Les plages aux eaux cristallines de Folegandros sont r\u00e9parties en deux cat\u00e9gories: Celles au sud, toujours prot\u00e9g\u00e9es du vent et aux eaux calmes, et celles du nord, qui sont<\/p>\n","protected":false},"author":1,"featured_media":0,"parent":0,"menu_order":0,"comment_status":"closed","ping_status":"closed","template":"","meta":{"footnotes":""},"class_list":["post-659","page","type-page","status-publish","hentry"],"_links":{"self":[{"href":"https:\/\/alkyonvillas-folegandros.gr\/fr\/wp-json\/wp\/v2\/pages\/659","targetHints":{"allow":["GET"]}}],"collection":[{"href":"https:\/\/alkyonvillas-folegandros.gr\/fr\/wp-json\/wp\/v2\/pages"}],"about":[{"href":"https:\/\/alkyonvillas-folegandros.gr\/fr\/wp-json\/wp\/v2\/types\/page"}],"author":[{"embeddable":true,"href":"https:\/\/alkyonvillas-folegandros.gr\/fr\/wp-json\/wp\/v2\/users\/1"}],"replies":[{"embeddable":true,"href":"https:\/\/alkyonvillas-folegandros.gr\/fr\/wp-json\/wp\/v2\/comments?post=659"}],"version-history":[{"count":9,"href":"https:\/\/alkyonvillas-folegandros.gr\/fr\/wp-json\/wp\/v2\/pages\/659\/revisions"}],"predecessor-version":[{"id":867,"href":"https:\/\/alkyonvillas-folegandros.gr\/fr\/wp-json\/wp\/v2\/pages\/659\/revisions\/867"}],"wp:attachment":[{"href":"https:\/\/alkyonvillas-folegandros.gr\/fr\/wp-json\/wp\/v2\/media?parent=659"}],"curies":[{"name":"wp","href":"https:\/\/api.w.org\/{rel}","templated":true}]}}