{"id":83,"date":"2018-02-26T18:53:09","date_gmt":"2018-02-26T18:53:09","guid":{"rendered":"https:\/\/alkyonvillas-folegandros.gr\/?page_id=83"},"modified":"2019-06-11T18:55:12","modified_gmt":"2019-06-11T18:55:12","slug":"the-villas","status":"publish","type":"page","link":"https:\/\/alkyonvillas-folegandros.gr\/fr\/the-villas\/","title":{"rendered":"Les Villas"},"content":{"rendered":"<p>Les villas \u00e0 vendre, ont des surfaces diff\u00e9rentes qui varient de 60 m\u00b2 \u00e0 130 m\u00b2. Elle sont dot\u00e9es d&rsquo;agencements int\u00e9rieurs uniques selon leur position sur le site et leur orientation. La m\u00eame philosophie conceptuelle a \u00e9t\u00e9 conserv\u00e9e pour toutes les quatre villas, dans un esprit de continuit\u00e9 et d&rsquo;interaction entre l&rsquo;int\u00e9rieur et l&rsquo;ext\u00e9rieur, et une attention toute particuli\u00e8re a \u00e9t\u00e9 apport\u00e9e afin d&rsquo;offrir des vues imprenables depuis tous les points de la maison, aussi bien de l&rsquo;int\u00e9rieur qu&rsquo;\u00e0 l&rsquo;ext\u00e9rieur.<\/p>\n<div class=\"news-section-info clearfix\">\n<h3 class=\"section-title\">Maison K1<\/h3>\n<\/div>\n<p>La maison est construite en murs en pierre d&rsquo;une epaisseur de 50-60 cm.<br \/>\nSa superficie est 90,02 m2.<br \/>\nElle comprend: Cuisine, Salon, Salle \u00e0 manger, Deux salles de bains, Deux chambres, Place de parking<br \/>\nLe salon peut \u00eatre s\u00e9par\u00e9 et faire office de chambre.<br \/>\n<div class=\"gdc_row\"><div class=\"gdc_column gdc_cthird\"><div class=\"gdc_inner\"><br \/>\n<a href=\"https:\/\/alkyonvillas-folegandros.gr\/wp-content\/uploads\/2018\/02\/1.jpeg\" rel=\"lytebox\"><img loading=\"lazy\" decoding=\"async\" class=\"size-medium wp-image-99 alignleft\" src=\"https:\/\/alkyonvillas-folegandros.gr\/wp-content\/uploads\/2018\/02\/1-370x241.jpeg\" alt=\"\" width=\"370\" height=\"241\" \/><\/a><br \/>\n<\/div><\/div><div class=\"gdc_column gdc_cthird\"><div class=\"gdc_inner\"><br \/>\n<a href=\"https:\/\/alkyonvillas-folegandros.gr\/fr\/photo-gallery\/?album=140\"><img loading=\"lazy\" decoding=\"async\" class=\"alignnone size-full wp-image-114\" src=\"https:\/\/alkyonvillas-folegandros.gr\/wp-content\/uploads\/2018\/02\/gallery_but_rent_now.png\" alt=\"\" width=\"183\" height=\"52\" \/><\/a><br \/>\n<\/div><\/div><div class=\"gdc_column gdc_cthird\"><div class=\"gdc_inner\"><br \/>\n<strong>K1, rez-de-chauss\u00e9e<\/strong><br \/>\n<a href=\"https:\/\/www.alkyonvillas-folegandros.gr\/images\/k1fr.jpg\" rel=\"lytebox\"><img loading=\"lazy\" decoding=\"async\" class=\"alignnone size-medium wp-image-120\" src=\"https:\/\/alkyonvillas-folegandros.gr\/wp-content\/uploads\/2018\/02\/image1.png\" alt=\"\" width=\"120\" height=\"76\" \/><\/a> <a href=\"https:\/\/www.alkyonvillas-folegandros.gr\/pdf\/k1fr.pdf\" target=\"_blank\" rel=\"noopener\"><img loading=\"lazy\" decoding=\"async\" class=\"alignnone size-full wp-image-119\" src=\"https:\/\/alkyonvillas-folegandros.gr\/wp-content\/uploads\/2018\/02\/pdf1.png\" alt=\"\" width=\"120\" height=\"76\" \/><\/a><br \/>\n<\/div><\/div><\/div><\/p>\n<div class=\"news-section-info clearfix\">\n<h3 class=\"section-title\">Maison K3<\/h3>\n<\/div>\n<p>La maison est construite en murs en pierre d&rsquo;une \u00e9paisseur de 50 \u00e0 60 cm.<br \/>\nSa superficie est de 57 m\u00b2 .<br \/>\nElle comprend: Cuisine, Salon, Salle \u00e0 manger, Une chambre, Une salle de bain, Place de parking<br \/>\nLe salon peut \u00eatre s\u00e9par\u00e9 et faire office de chambre.<br \/>\n<div class=\"gdc_row\"><div class=\"gdc_column gdc_cthird\"><div class=\"gdc_inner\"><br \/>\n<a href=\"https:\/\/alkyonvillas-folegandros.gr\/wp-content\/uploads\/2018\/02\/4k3.jpeg\" rel=\"lytebox\"><img loading=\"lazy\" decoding=\"async\" class=\"size-medium wp-image-99 alignleft\" src=\"https:\/\/alkyonvillas-folegandros.gr\/wp-content\/uploads\/2018\/02\/4k3-370x241.jpeg\" alt=\"\" width=\"370\" height=\"241\" \/><\/a><br \/>\n<\/div><\/div><div class=\"gdc_column gdc_cthird\"><div class=\"gdc_inner\"><br \/>\n<a href=\"https:\/\/alkyonvillas-folegandros.gr\/fr\/photo-gallery\/?album=176\"><img loading=\"lazy\" decoding=\"async\" class=\"alignnone size-full wp-image-114\" src=\"https:\/\/alkyonvillas-folegandros.gr\/wp-content\/uploads\/2018\/02\/gallery_but_rent_now.png\" alt=\"\" width=\"183\" height=\"52\" \/><\/a><br \/>\n<\/div><\/div><div class=\"gdc_column gdc_cthird\"><div class=\"gdc_inner\"><br \/>\n<strong>\u039a3, rez-de-chauss\u00e9e<\/strong><br \/>\n<a href=\"https:\/\/www.alkyonvillas-folegandros.gr\/images\/sxk3fr.jpg\" rel=\"lytebox\"><img loading=\"lazy\" decoding=\"async\" class=\"alignnone size-medium wp-image-120\" src=\"https:\/\/alkyonvillas-folegandros.gr\/wp-content\/uploads\/2018\/02\/image1.png\" alt=\"\" width=\"120\" height=\"76\" \/><\/a> <a href=\"https:\/\/www.alkyonvillas-folegandros.gr\/pdf\/frk3.pdf\" target=\"_blank\" rel=\"noopener\"><img loading=\"lazy\" decoding=\"async\" class=\"alignnone size-full wp-image-119\" src=\"https:\/\/alkyonvillas-folegandros.gr\/wp-content\/uploads\/2018\/02\/pdf1.png\" alt=\"\" width=\"120\" height=\"76\" \/><\/a><br \/>\n<\/div><\/div><\/div><\/p>\n<div class=\"news-section-info clearfix\">\n<h3 class=\"section-title\">Maison K4<\/h3>\n<\/div>\n<p>La maison est construite en murs en pierre d&rsquo;une \u00e9paisseur de 50 \u00e0 60 cm. Sa superficie est de 125.24 m\u00b2.<br \/>\nElle comprend: Cuisine, Deux salons (un au rez-de-chauss\u00e9e et un au premier \u00e9tage), Salle \u00e0 manger, Deux chambres, Deux salles de bain, Rangements, Place de parking<br \/>\nTous les deux salons peuvent \u00eatre s\u00e9par\u00e9 et faire office de chambre.<br \/>\nDe plus, les maisons K3 et K4 peuvent \u00eatre jointes l&rsquo;une \u00e0 l&rsquo;autre et cr\u00e9er une maison fonctionnelle sur deux volumes.<br \/>\n<div class=\"gdc_row\"><div class=\"gdc_column gdc_cthird\"><div class=\"gdc_inner\"><br \/>\n<a href=\"https:\/\/alkyonvillas-folegandros.gr\/wp-content\/uploads\/2018\/02\/6k4.jpeg\" rel=\"lytebox\"><img loading=\"lazy\" decoding=\"async\" class=\"size-medium wp-image-99 alignleft\" src=\"https:\/\/alkyonvillas-folegandros.gr\/wp-content\/uploads\/2018\/02\/6k4-370x241.jpeg\" alt=\"\" width=\"370\" height=\"241\" \/><\/a><br \/>\n<\/div><\/div><div class=\"gdc_column gdc_cthird\"><div class=\"gdc_inner\"><br \/>\n<a href=\"https:\/\/alkyonvillas-folegandros.gr\/fr\/photo-gallery\/?album=202\"><img loading=\"lazy\" decoding=\"async\" class=\"alignnone size-full wp-image-114\" src=\"https:\/\/alkyonvillas-folegandros.gr\/wp-content\/uploads\/2018\/02\/gallery_but_rent_now.png\" alt=\"\" width=\"183\" height=\"52\" \/><\/a><br \/>\n<\/div><\/div><div class=\"gdc_column gdc_cthird\"><div class=\"gdc_inner\"><br \/>\n<strong>\u039a4, rez-de-chauss\u00e9e<\/strong><br \/>\n<a href=\"https:\/\/www.alkyonvillas-folegandros.gr\/images\/sxk4-0fr.jpg\" rel=\"lytebox\"><img loading=\"lazy\" decoding=\"async\" class=\"alignnone size-medium wp-image-120\" src=\"https:\/\/alkyonvillas-folegandros.gr\/wp-content\/uploads\/2018\/02\/image1.png\" alt=\"\" width=\"120\" height=\"76\" \/><\/a> <a href=\"https:\/\/www.alkyonvillas-folegandros.gr\/pdf\/frk4.pdf\" target=\"_blank\" rel=\"noopener\"><img loading=\"lazy\" decoding=\"async\" class=\"alignnone size-full wp-image-119\" src=\"https:\/\/alkyonvillas-folegandros.gr\/wp-content\/uploads\/2018\/02\/pdf1.png\" alt=\"\" width=\"120\" height=\"76\" \/><\/a><br \/>\n<strong>\u039a4, premier \u00e9tage<\/strong><br \/>\n<a href=\"https:\/\/www.alkyonvillas-folegandros.gr\/images\/sxk4-1fr.jpg\" rel=\"lytebox\"><img loading=\"lazy\" decoding=\"async\" class=\"alignnone size-medium wp-image-120\" src=\"https:\/\/alkyonvillas-folegandros.gr\/wp-content\/uploads\/2018\/02\/image1.png\" alt=\"\" width=\"120\" height=\"76\" \/><\/a> <a href=\"https:\/\/www.alkyonvillas-folegandros.gr\/pdf\/frk4etage.pdf\" target=\"_blank\" rel=\"noopener\"><img loading=\"lazy\" decoding=\"async\" class=\"alignnone size-full wp-image-119\" src=\"https:\/\/alkyonvillas-folegandros.gr\/wp-content\/uploads\/2018\/02\/pdf1.png\" alt=\"\" width=\"120\" height=\"76\" \/><\/a><br \/>\n<\/div><\/div><\/div><\/p>\n<div class=\"news-section-info clearfix\">\n<h3 class=\"section-title\">Maison K5.<\/h3>\n<\/div>\n<p>La maison est construite en murs en pierre d&rsquo;une \u00e9paisseur de 50 \u00e0 60 cm. \u0395lle est developed en deux niveax qui peuvent fonctionner ind\u00e9pendamment.<br \/>\nLe niveau 1, dont la superficie est 100 m\u00b2, comprend: Cuisine, Salon, Salle \u00e0 manger, Deux chambres, Une salle de bain, Place de parking, Entrep\u00f4t ext\u00e9rieur<br \/>\n<div class=\"gdc_row\"><div class=\"gdc_column gdc_cthird\"><div class=\"gdc_inner\"><br \/>\n<a href=\"https:\/\/alkyonvillas-folegandros.gr\/wp-content\/uploads\/2018\/02\/2k5.jpeg\" rel=\"lytebox\"><img loading=\"lazy\" decoding=\"async\" class=\"size-medium wp-image-99 alignleft\" src=\"https:\/\/alkyonvillas-folegandros.gr\/wp-content\/uploads\/2018\/02\/2k5-370x241.jpeg\" alt=\"\" width=\"370\" height=\"241\" \/><\/a><br \/>\n<\/div><\/div><div class=\"gdc_column gdc_cthird\"><div class=\"gdc_inner\"><br \/>\n<a href=\"https:\/\/alkyonvillas-folegandros.gr\/fr\/photo-gallery\/?album=253\"><img loading=\"lazy\" decoding=\"async\" class=\"alignnone size-full wp-image-114\" src=\"https:\/\/alkyonvillas-folegandros.gr\/wp-content\/uploads\/2018\/02\/gallery_but_rent_now.png\" alt=\"\" width=\"183\" height=\"52\" \/><\/a><br \/>\n<\/div><\/div><div class=\"gdc_column gdc_cthird\"><div class=\"gdc_inner\"><br \/>\n<strong>K5, niveau 1<\/strong><br \/>\n<a href=\"https:\/\/www.alkyonvillas-folegandros.gr\/images\/k5-1fr.jpg\" rel=\"lytebox\"><img loading=\"lazy\" decoding=\"async\" class=\"alignnone size-medium wp-image-120\" src=\"https:\/\/alkyonvillas-folegandros.gr\/wp-content\/uploads\/2018\/02\/image1.png\" alt=\"\" width=\"120\" height=\"76\" \/><\/a> <a href=\"https:\/\/www.alkyonvillas-folegandros.gr\/pdf\/k5-1fr.pdf\" target=\"_blank\" rel=\"noopener\"><img loading=\"lazy\" decoding=\"async\" class=\"alignnone size-full wp-image-119\" src=\"https:\/\/alkyonvillas-folegandros.gr\/wp-content\/uploads\/2018\/02\/pdf1.png\" alt=\"\" width=\"120\" height=\"76\" \/><\/a><br \/>\n<\/div><\/div><\/div><\/p>\n<div class=\"news-section-info clearfix\">\n<h3 class=\"section-title\">Maison \u039a6<\/h3>\n<\/div>\n<p>Le niveau 0 K6, dont la superficie est 37.72 m\u00b2, comprend: Une chambre, Une salle de bain, Une Kitchenette<br \/>\nTous les deux niveaux ont de vue sur la mer et sur Chora.<br \/>\n<div class=\"gdc_row\"><div class=\"gdc_column gdc_cthird\"><div class=\"gdc_inner\"><br \/>\n<a href=\"https:\/\/alkyonvillas-folegandros.gr\/wp-content\/uploads\/2018\/02\/14k6.jpeg\" rel=\"lytebox\"><img loading=\"lazy\" decoding=\"async\" class=\"size-medium wp-image-99 alignleft\" src=\"https:\/\/alkyonvillas-folegandros.gr\/wp-content\/uploads\/2018\/02\/14k6-370x241.jpeg\" alt=\"\" width=\"370\" height=\"241\" \/><\/a><br \/>\n<\/div><\/div><div class=\"gdc_column gdc_cthird\"><div class=\"gdc_inner\"><br \/>\n<a href=\"https:\/\/alkyonvillas-folegandros.gr\/fr\/photo-gallery\/?album=295\"><img loading=\"lazy\" decoding=\"async\" class=\"alignnone size-full wp-image-114\" src=\"https:\/\/alkyonvillas-folegandros.gr\/wp-content\/uploads\/2018\/02\/gallery_but_rent_now.png\" alt=\"\" width=\"183\" height=\"52\" \/><\/a><br \/>\n<\/div><\/div><div class=\"gdc_column gdc_cthird\"><div class=\"gdc_inner\"><br \/>\n<strong>K6, niveau 0<\/strong><br \/>\n<a href=\"https:\/\/www.alkyonvillas-folegandros.gr\/images\/k5-0fr.jpg\" rel=\"lytebox\"><img loading=\"lazy\" decoding=\"async\" class=\"alignnone size-medium wp-image-120\" src=\"https:\/\/alkyonvillas-folegandros.gr\/wp-content\/uploads\/2018\/02\/image1.png\" alt=\"\" width=\"120\" height=\"76\" \/><\/a> <a href=\"https:\/\/www.alkyonvillas-folegandros.gr\/pdf\/k5-0fr.pdf\" target=\"_blank\" rel=\"noopener\"><img loading=\"lazy\" decoding=\"async\" class=\"alignnone size-full wp-image-119\" src=\"https:\/\/alkyonvillas-folegandros.gr\/wp-content\/uploads\/2018\/02\/pdf1.png\" alt=\"\" width=\"120\" height=\"76\" \/><\/a><br \/>\n<\/div><\/div><\/div><\/p>\n<div class=\"news-section-info clearfix\">\n<h3 class=\"section-title\">Maison K2<\/h3>\n<\/div>\n<p>La maison est construite en murs en pierre d&rsquo;une \u00e9paisseur de 50 \u00e0 60cm. Sa superficie est de 102,02 m\u00b2<br \/>\nElle comprend: Cuisine, Salon, Salle \u00e0 manger, Deux chambres, Deux salles de bain, Place de parking<br \/>\nLe salon peut \u00eatre s\u00e9par\u00e9 et faire office de chambre.<br \/>\n<div class=\"gdc_row\"><div class=\"gdc_column gdc_cthird\"><div class=\"gdc_inner\"><br \/>\n<a href=\"https:\/\/alkyonvillas-folegandros.gr\/wp-content\/uploads\/2018\/02\/6k2.jpeg\" rel=\"lytebox\"><img loading=\"lazy\" decoding=\"async\" class=\"size-medium wp-image-99 alignleft\" src=\"https:\/\/alkyonvillas-folegandros.gr\/wp-content\/uploads\/2018\/02\/6k2-370x241.jpeg\" alt=\"\" width=\"370\" height=\"241\" \/><\/a><br \/>\n<\/div><\/div><div class=\"gdc_column gdc_cthird\"><div class=\"gdc_inner\"><br \/>\n<a href=\"https:\/\/alkyonvillas-folegandros.gr\/fr\/photo-gallery\/?album=164\"><img loading=\"lazy\" decoding=\"async\" class=\"alignnone size-full wp-image-114\" src=\"https:\/\/alkyonvillas-folegandros.gr\/wp-content\/uploads\/2018\/02\/gallery_but_rent_now.png\" alt=\"\" width=\"183\" height=\"52\" \/><\/a><br \/>\n<\/div><\/div><div class=\"gdc_column gdc_cthird\"><div class=\"gdc_inner\"><br \/>\n<strong>\u039a2, rez-de-chauss\u00e9e<\/strong><br \/>\n<a href=\"https:\/\/www.alkyonvillas-folegandros.gr\/images\/k2frsl.jpg\" rel=\"lytebox\"><img loading=\"lazy\" decoding=\"async\" class=\"alignnone size-medium wp-image-120\" src=\"https:\/\/alkyonvillas-folegandros.gr\/wp-content\/uploads\/2018\/02\/image1.png\" alt=\"\" width=\"120\" height=\"76\" \/><\/a> <a href=\"https:\/\/www.alkyonvillas-folegandros.gr\/pdf\/frk2.pdf\" target=\"_blank\" rel=\"noopener\"><img loading=\"lazy\" decoding=\"async\" class=\"alignnone size-full wp-image-119\" src=\"https:\/\/alkyonvillas-folegandros.gr\/wp-content\/uploads\/2018\/02\/pdf1.png\" alt=\"\" width=\"120\" height=\"76\" \/><\/a><br \/>\n<\/div><\/div><\/div><\/p>","protected":false},"excerpt":{"rendered":"<p>Les villas \u00e0 vendre, ont des surfaces diff\u00e9rentes qui varient de 60 m\u00b2 \u00e0 130 m\u00b2. Elle sont dot\u00e9es d&rsquo;agencements int\u00e9rieurs uniques selon leur position sur le site et leur<\/p>\n","protected":false},"author":1,"featured_media":375,"parent":0,"menu_order":0,"comment_status":"closed","ping_status":"closed","template":"","meta":{"footnotes":""},"class_list":["post-83","page","type-page","status-publish","has-post-thumbnail","hentry"],"_links":{"self":[{"href":"https:\/\/alkyonvillas-folegandros.gr\/fr\/wp-json\/wp\/v2\/pages\/83","targetHints":{"allow":["GET"]}}],"collection":[{"href":"https:\/\/alkyonvillas-folegandros.gr\/fr\/wp-json\/wp\/v2\/pages"}],"about":[{"href":"https:\/\/alkyonvillas-folegandros.gr\/fr\/wp-json\/wp\/v2\/types\/page"}],"author":[{"embeddable":true,"href":"https:\/\/alkyonvillas-folegandros.gr\/fr\/wp-json\/wp\/v2\/users\/1"}],"replies":[{"embeddable":true,"href":"https:\/\/alkyonvillas-folegandros.gr\/fr\/wp-json\/wp\/v2\/comments?post=83"}],"version-history":[{"count":208,"href":"https:\/\/alkyonvillas-folegandros.gr\/fr\/wp-json\/wp\/v2\/pages\/83\/revisions"}],"predecessor-version":[{"id":837,"href":"https:\/\/alkyonvillas-folegandros.gr\/fr\/wp-json\/wp\/v2\/pages\/83\/revisions\/837"}],"wp:featuredmedia":[{"embeddable":true,"href":"https:\/\/alkyonvillas-folegandros.gr\/fr\/wp-json\/wp\/v2\/media\/375"}],"wp:attachment":[{"href":"https:\/\/alkyonvillas-folegandros.gr\/fr\/wp-json\/wp\/v2\/media?parent=83"}],"curies":[{"name":"wp","href":"https:\/\/api.w.org\/{rel}","templated":true}]}}