{"id":653,"date":"2018-03-07T07:06:22","date_gmt":"2018-03-07T07:06:22","guid":{"rendered":"https:\/\/alkyonvillas-folegandros.gr\/?page_id=653"},"modified":"2018-03-08T11:14:36","modified_gmt":"2018-03-08T11:14:36","slug":"why-folegandros","status":"publish","type":"page","link":"https:\/\/alkyonvillas-folegandros.gr\/it\/why-folegandros\/","title":{"rendered":"Perch\u00e9 Folegandros"},"content":{"rendered":"<p><a href=\"https:\/\/www.alkyonvillas-folegandros.gr\/images\/whyfolegandros1-1la.jpg\" rel=\"lytebox\"><img loading=\"lazy\" decoding=\"async\" class=\"size-medium wp-image-687 alignleft\" src=\"https:\/\/alkyonvillas-folegandros.gr\/wp-content\/uploads\/2018\/03\/22-300x200.jpeg\" alt=\"\" width=\"300\" height=\"200\" srcset=\"https:\/\/alkyonvillas-folegandros.gr\/wp-content\/uploads\/2018\/03\/22-300x200.jpeg 300w, https:\/\/alkyonvillas-folegandros.gr\/wp-content\/uploads\/2018\/03\/22-768x511.jpeg 768w, https:\/\/alkyonvillas-folegandros.gr\/wp-content\/uploads\/2018\/03\/22.jpeg 900w\" sizes=\"auto, (max-width: 300px) 100vw, 300px\" \/><\/a>Folegandros \u00e8 una piccola isola delle Cicladi, vicino a Santorini. Il suo carattere unico \u00e8 rimasto intatto nel tempo. Per fortuna l\u2019avvento del turismo non ha alterato lo scenario, cosa che si nota subito non appena si mette piede sull\u2019isola.<\/p>\n<p>&nbsp;<\/p>\n<p>&nbsp;<\/p>\n<p>&nbsp;<\/p>\n<p>&nbsp;<\/p>\n<hr \/>\n<p><a href=\"https:\/\/www.alkyonvillas-folegandros.gr\/images\/whyfolegandros2-2la.jpg\" rel=\"lytebox\"><img loading=\"lazy\" decoding=\"async\" class=\"size-medium wp-image-692 alignleft\" src=\"https:\/\/alkyonvillas-folegandros.gr\/wp-content\/uploads\/2018\/03\/27-300x225.jpeg\" alt=\"\" width=\"300\" height=\"225\" srcset=\"https:\/\/alkyonvillas-folegandros.gr\/wp-content\/uploads\/2018\/03\/27-300x225.jpeg 300w, https:\/\/alkyonvillas-folegandros.gr\/wp-content\/uploads\/2018\/03\/27-768x576.jpeg 768w, https:\/\/alkyonvillas-folegandros.gr\/wp-content\/uploads\/2018\/03\/27-200x150.jpeg 200w, https:\/\/alkyonvillas-folegandros.gr\/wp-content\/uploads\/2018\/03\/27.jpeg 900w\" sizes=\"auto, (max-width: 300px) 100vw, 300px\" \/><\/a>La sua bellezza consiste nel contrasto fra il paesaggio roccioso e inospitale e la serenit\u00e0 che suscita l\u2019orizzonte sull\u2019Egeo. Secoli di duro lavoro sono riusciti a domare le asperit\u00e0 della natura trasformando l\u2019isola in una destinazione ospitale.<\/p>\n<p>&nbsp;<\/p>\n<p>&nbsp;<\/p>\n<p>&nbsp;<\/p>\n<p>&nbsp;<\/p>\n<p>&nbsp;<\/p>\n<hr \/>\n<p><a href=\"https:\/\/www.alkyonvillas-folegandros.gr\/images\/whyfolegandros3-3la.jpg\" rel=\"lytebox\"><img loading=\"lazy\" decoding=\"async\" class=\"size-medium wp-image-689 alignleft\" src=\"https:\/\/alkyonvillas-folegandros.gr\/wp-content\/uploads\/2018\/03\/24-300x225.jpeg\" alt=\"\" width=\"300\" height=\"225\" srcset=\"https:\/\/alkyonvillas-folegandros.gr\/wp-content\/uploads\/2018\/03\/24-300x225.jpeg 300w, https:\/\/alkyonvillas-folegandros.gr\/wp-content\/uploads\/2018\/03\/24-768x576.jpeg 768w, https:\/\/alkyonvillas-folegandros.gr\/wp-content\/uploads\/2018\/03\/24-200x150.jpeg 200w, https:\/\/alkyonvillas-folegandros.gr\/wp-content\/uploads\/2018\/03\/24.jpeg 900w\" sizes=\"auto, (max-width: 300px) 100vw, 300px\" \/><\/a>Gli abitanti di Folegandros sembrano tramandarsi un rispetto profondo per la natura e la solennit\u00e0 del loro impegno si riflette nelle parti edificate dell&#8217;isola. Le case hanno volumi puliti che si integrano con il paesaggio; nulla \u00e8 eccessivo e tutto \u00e8 in ordine, ma il risultato non \u00e8 per niente monotono: i colori vivaci delle superfici in legno e le buganvillee rosse ne interrompono l\u2019apparente austerit\u00e0.<\/p>\n<p>&nbsp;<\/p>\n<p>&nbsp;<\/p>\n<p>&nbsp;<\/p>\n<p>&nbsp;<\/p>\n<hr \/>\n<p>Abbiamo trovato che l\u2019aura e l&#8217;energia dell&#8217;isola fossero molto invitanti ed ecco perch\u00e9 abbiamo scelto Folegandros per il nostro progetto attuale.<\/p>\n<p><a href=\"https:\/\/alkyonvillas-folegandros.gr\/it\/photo-gallery\/?album=665\">&#8230;Altre foto<\/a><\/p>","protected":false},"excerpt":{"rendered":"<p>Folegandros \u00e8 una piccola isola delle Cicladi, vicino a Santorini. Il suo carattere unico \u00e8 rimasto intatto nel tempo. Per fortuna l\u2019avvento del turismo non ha alterato lo scenario, cosa<\/p>\n","protected":false},"author":1,"featured_media":0,"parent":0,"menu_order":0,"comment_status":"closed","ping_status":"closed","template":"","meta":{"footnotes":""},"class_list":["post-653","page","type-page","status-publish","hentry"],"_links":{"self":[{"href":"https:\/\/alkyonvillas-folegandros.gr\/it\/wp-json\/wp\/v2\/pages\/653","targetHints":{"allow":["GET"]}}],"collection":[{"href":"https:\/\/alkyonvillas-folegandros.gr\/it\/wp-json\/wp\/v2\/pages"}],"about":[{"href":"https:\/\/alkyonvillas-folegandros.gr\/it\/wp-json\/wp\/v2\/types\/page"}],"author":[{"embeddable":true,"href":"https:\/\/alkyonvillas-folegandros.gr\/it\/wp-json\/wp\/v2\/users\/1"}],"replies":[{"embeddable":true,"href":"https:\/\/alkyonvillas-folegandros.gr\/it\/wp-json\/wp\/v2\/comments?post=653"}],"version-history":[{"count":14,"href":"https:\/\/alkyonvillas-folegandros.gr\/it\/wp-json\/wp\/v2\/pages\/653\/revisions"}],"predecessor-version":[{"id":725,"href":"https:\/\/alkyonvillas-folegandros.gr\/it\/wp-json\/wp\/v2\/pages\/653\/revisions\/725"}],"wp:attachment":[{"href":"https:\/\/alkyonvillas-folegandros.gr\/it\/wp-json\/wp\/v2\/media?parent=653"}],"curies":[{"name":"wp","href":"https:\/\/api.w.org\/{rel}","templated":true}]}}